{"id":6370,"date":"2016-08-01T09:58:15","date_gmt":"2016-08-01T09:58:15","guid":{"rendered":"http:\/\/citizenshiprightsafrica.org\/?page_id=6370&#038;lang=fr"},"modified":"2024-08-08T08:33:04","modified_gmt":"2024-08-08T08:33:04","slug":"sur","status":"publish","type":"page","link":"https:\/\/citizenshiprightsafrica.org\/fr\/sur\/","title":{"rendered":"A propos de ce site"},"content":{"rendered":"<p>Ce site est con\u00e7u pour \u00eatre une ressource pour toutes les personnes qui \u0153uvrent \u00e0 assurer le respect du droit \u00e0 une nationalit\u00e9 et la fin de l\u2019apatridie sur le continent africain. Le site contient une base de donn\u00e9es sur la nationalit\u00e9 et l\u2019apatridie en Afrique, avec les codes de la nationalit\u00e9 et les textes de loi subsidiaires, des rapports et des articles th\u00e9oriques, des histoires et des blogues, ainsi que d\u2019autres ressources. La base de donn\u00e9es contient actuellement plus de 3500 articles. Le site est h\u00e9berg\u00e9 par he website is hosted by <a href=\"https:\/\/www.lhr.org.za\/lhr-units\/statelessness-project\/\" target=\"_blank\" rel=\"noopener\">Lawyers for Human Rights, Afrique du Sud<\/a>, et g\u00e9r\u00e9 par Bronwen Manby, pour le compte d&rsquo;un r\u00e9seau informel d\u2019organisations, d\u2019individus et d\u2019experts en Afrique travaillant en faveur du droit \u00e0 la nationalit\u00e9 et de l&rsquo;\u00e9radication de l\u2019apatridie en Afrique. Si vous souhaitez que le travail de votre organisation figure sur le site, contactez-nous \u00e0 l\u2019adresse <a href=\"mailto:crai@citizenshiprightsafrica.org\">crai@citizenshiprightsafrica.org<\/a>.<\/p>\n<p><strong>Comment utiliser ce site:<\/strong><\/p>\n<p>Ce site Internet est organis\u00e9 par r\u00e9gion et par pays, et par th\u00e8me. Les r\u00e9gions sont compos\u00e9es des pays reconnus par l\u2019Union africaine (UA), avec un d\u00e9coupage du continent en cinq r\u00e9gions telles que repr\u00e9sent\u00e9es au sein des structures de l\u2019UA (qui ne sont pas forc\u00e9ment les m\u00eames que les membres des diff\u00e9rentes Communaut\u00e9s \u00e9conomiques r\u00e9gionales ou CER). Chaque r\u00e9gion, chaque pays et chaque th\u00e8me a sa propre page sur le site, \u00e0 laquelle vous pouvez acc\u00e9der en utilisant la barre de menu fixe qui figure au-dessus. Chacune de ces pages comporte un texte d\u2019introduction, des ressources cl\u00e9s, des liens vers les messages les plus r\u00e9cents sur le site et des cadres de recherche permettant une recherche plus cibl\u00e9e au sein de la r\u00e9gion, du pays ou du th\u00e8me. Le site comporte en outre une page de recherche qui, par d\u00e9faut, donne la liste de tous les \u00e9l\u00e9ments figurant dans la base de donn\u00e9es selon leur ordre de publication, du plus r\u00e9cent au plus ancien. La page de recherche contient les m\u00eames cadres que ceux qui apparaissent sur les pages des pays et les pages th\u00e9matiques, permettant la recherche par r\u00e9gion, pays, th\u00e8me, sous-th\u00e8me, type de document, date et langue du document. La page de recherche permet \u00e9galement une recherche par mot cl\u00e9 de tous les \u00e9l\u00e9ments figurant dans le site, avec une recherche \u00e0 la fois dans les titres et dans les contenus, et des onglets sont ajout\u00e9s au moment du t\u00e9l\u00e9chargement sur le site.<\/p>\n","protected":false},"excerpt":{"rendered":"Ce site est con\u00e7u pour \u00eatre une ressource pour toutes les personnes qui \u0153uvrent \u00e0 assurer le respect du droit \u00e0 une nationalit\u00e9 et la fin de l\u2019apatridie sur le continent africain. Le site contient une base de donn\u00e9es sur la nationalit\u00e9 et l\u2019apatridie en Afrique, avec les codes de la nationalit\u00e9 et les textes [&hellip;]","protected":false},"author":1,"featured_media":0,"parent":0,"menu_order":0,"comment_status":"closed","ping_status":"closed","template":"about-template.php","meta":{"_acf_changed":false,"_monsterinsights_skip_tracking":false,"_monsterinsights_sitenote_active":false,"_monsterinsights_sitenote_note":"","_monsterinsights_sitenote_category":0,"footnotes":""},"class_list":["post-6370","page","type-page","status-publish","hentry"],"acf":[],"_links":{"self":[{"href":"https:\/\/citizenshiprightsafrica.org\/fr\/wp-json\/wp\/v2\/pages\/6370","targetHints":{"allow":["GET"]}}],"collection":[{"href":"https:\/\/citizenshiprightsafrica.org\/fr\/wp-json\/wp\/v2\/pages"}],"about":[{"href":"https:\/\/citizenshiprightsafrica.org\/fr\/wp-json\/wp\/v2\/types\/page"}],"author":[{"embeddable":true,"href":"https:\/\/citizenshiprightsafrica.org\/fr\/wp-json\/wp\/v2\/users\/1"}],"replies":[{"embeddable":true,"href":"https:\/\/citizenshiprightsafrica.org\/fr\/wp-json\/wp\/v2\/comments?post=6370"}],"version-history":[{"count":13,"href":"https:\/\/citizenshiprightsafrica.org\/fr\/wp-json\/wp\/v2\/pages\/6370\/revisions"}],"predecessor-version":[{"id":41049,"href":"https:\/\/citizenshiprightsafrica.org\/fr\/wp-json\/wp\/v2\/pages\/6370\/revisions\/41049"}],"wp:attachment":[{"href":"https:\/\/citizenshiprightsafrica.org\/fr\/wp-json\/wp\/v2\/media?parent=6370"}],"curies":[{"name":"wp","href":"https:\/\/api.w.org\/{rel}","templated":true}]}}