{"id":8264,"date":"2016-06-20T12:27:28","date_gmt":"2016-06-20T12:27:28","guid":{"rendered":"http:\/\/citizenshiprightsafrica.org\/acquisition-de-la-nationalite\/naturalisation-and-other-forms-of-acquisition-as-an-adult\/?lang=fr"},"modified":"2017-02-04T20:32:05","modified_gmt":"2017-02-04T20:32:05","slug":"naturalisation-et-d-autres-formes-d-acquisition-comme-un-adulte","status":"publish","type":"page","link":"https:\/\/citizenshiprightsafrica.org\/fr\/acquisition-de-la-nationalite\/naturalisation-et-d-autres-formes-d-acquisition-comme-un-adulte\/","title":{"rendered":"Naturalisation et mariage"},"content":{"rendered":"<p>Le droit d\u2019une personne \u00e0 changer de nationalit\u00e9 est un principe fondamental du droit international. Cela signifie que l\u2019acquisition d\u2019une nationalit\u00e9 \u00e0 l\u2019\u00e2ge adulte doit \u00eatre possible, par le biais d\u2019une proc\u00e9dure connue sous le nom de naturalisation, en se basant sur une longue p\u00e9riode de r\u00e9sidence dans le pays et sur d\u2019autres crit\u00e8res. Les conditions juridiques et les proc\u00e9dures administratives permettant la naturalisation ne doivent pas \u00eatre restrictives au point de rendre l\u2019acquisition impossible dans la pratique.<\/p>\n<p>Les lois de tous les pays africains pr\u00e9voient en principe l\u2019acquisition de la nationalit\u00e9 par naturalisation. Dans certains pays, un processus plus facile (connu sous le nom d\u2019\u201cenregistrement\u201d, \u201cd\u00e9claration\u201d ou \u201coption\u201d) est \u00e9galement disponible, par exemple, pour ceux qui sont mari\u00e9s \u00e0 des ressortissants. Toutefois, l\u2019obtention de la citoyennet\u00e9 par naturalisation est dans la pratique souvent extr\u00eamement difficile et discr\u00e9tionnaire, voire m\u00eame sous le contr\u00f4le personnel du chef de l\u2019Etat.<\/p>\n<p>Alors que le droit international autorise les pays \u00e0 exiger la renonciation \u00e0 une autre nationalit\u00e9 avant la naturalisation, cette exigence ne doit pas s\u2019appliquer aux personnes qui n\u2019ont pas d\u2019autre nationalit\u00e9 \u2013 c\u2019est-\u00e0-dire aux apatrides. La plupart des pays africains ne pr\u00e9voient aucune proc\u00e9dure de naturalisation pour les apatrides.<\/p>\n","protected":false},"excerpt":{"rendered":"Le droit d\u2019une personne \u00e0 changer de nationalit\u00e9 est un principe fondamental du droit international. Cela signifie que l\u2019acquisition d\u2019une nationalit\u00e9 \u00e0 l\u2019\u00e2ge adulte doit \u00eatre possible, par le biais d\u2019une proc\u00e9dure connue sous le nom de naturalisation, en se basant sur une longue p\u00e9riode de r\u00e9sidence dans le pays et sur d\u2019autres crit\u00e8res. Les [&hellip;]","protected":false},"author":1,"featured_media":0,"parent":6384,"menu_order":0,"comment_status":"closed","ping_status":"closed","template":"","meta":{"_acf_changed":false,"_monsterinsights_skip_tracking":false,"_monsterinsights_sitenote_active":false,"_monsterinsights_sitenote_note":"","_monsterinsights_sitenote_category":0,"footnotes":""},"class_list":["post-8264","page","type-page","status-publish","hentry"],"acf":[],"_links":{"self":[{"href":"https:\/\/citizenshiprightsafrica.org\/fr\/wp-json\/wp\/v2\/pages\/8264","targetHints":{"allow":["GET"]}}],"collection":[{"href":"https:\/\/citizenshiprightsafrica.org\/fr\/wp-json\/wp\/v2\/pages"}],"about":[{"href":"https:\/\/citizenshiprightsafrica.org\/fr\/wp-json\/wp\/v2\/types\/page"}],"author":[{"embeddable":true,"href":"https:\/\/citizenshiprightsafrica.org\/fr\/wp-json\/wp\/v2\/users\/1"}],"replies":[{"embeddable":true,"href":"https:\/\/citizenshiprightsafrica.org\/fr\/wp-json\/wp\/v2\/comments?post=8264"}],"version-history":[{"count":3,"href":"https:\/\/citizenshiprightsafrica.org\/fr\/wp-json\/wp\/v2\/pages\/8264\/revisions"}],"predecessor-version":[{"id":11703,"href":"https:\/\/citizenshiprightsafrica.org\/fr\/wp-json\/wp\/v2\/pages\/8264\/revisions\/11703"}],"up":[{"embeddable":true,"href":"https:\/\/citizenshiprightsafrica.org\/fr\/wp-json\/wp\/v2\/pages\/6384"}],"wp:attachment":[{"href":"https:\/\/citizenshiprightsafrica.org\/fr\/wp-json\/wp\/v2\/media?parent=8264"}],"curies":[{"name":"wp","href":"https:\/\/api.w.org\/{rel}","templated":true}]}}