{"id":8267,"date":"2016-06-20T12:27:28","date_gmt":"2016-06-20T12:27:28","guid":{"rendered":"http:\/\/citizenshiprightsafrica.org\/african-and-international-standards\/?lang=fr"},"modified":"2017-02-04T21:08:57","modified_gmt":"2017-02-04T21:08:57","slug":"normes-africaines-et-internationales","status":"publish","type":"page","link":"https:\/\/citizenshiprightsafrica.org\/fr\/normes-africaines-et-internationales\/","title":{"rendered":"Normes africaines et internationales"},"content":{"rendered":"<p>La D\u00e9claration universelle des droits de l\u2019homme, adopt\u00e9e par l\u2019Assembl\u00e9e g\u00e9n\u00e9rale de l\u2019ONU en 1948, pr\u00e9voit que: \u00abTout individu a droit \u00e0 une nationalit\u00e9. Nul ne peut \u00eatre arbitrairement priv\u00e9 de sa nationalit\u00e9, ni du droit de changer de nationalit\u00e9\u201d (Article 15). Depuis lors, le cadre du droit international des droits de l\u2019homme a progressivement renforc\u00e9 les r\u00e8gles qui garantissent le respect de ce droit et qui diminuent le pouvoir discr\u00e9tionnaire des pays \u00e0 d\u00e9cider des personnes qui sont leurs ressortissants.<\/p>\n<p>Deux anciens trait\u00e9s adopt\u00e9s par l\u2019ONU sont ax\u00e9s pr\u00e9cis\u00e9ment sur \u200b\u200ble droit \u00e0 une nationalit\u00e9 : la Convention de 1954 relative au statut des apatrides et la Convention de 1961 sur la r\u00e9duction des cas d\u2019apatridie. En outre, tous les trait\u00e9s internationaux des droits humains qui ciblent diverses formes de discrimination mentionnent le droit \u00e0 une nationalit\u00e9.<\/p>\n<p>Le syst\u00e8me africain des droits de l\u2019homme pr\u00e9voit \u00e9galement des garanties importantes pour le droit \u00e0 la nationalit\u00e9, en particulier l\u2019article 6 de la Charte africaine des droits et du bien-\u00eatre de l\u2019enfant. Un projet de protocole \u00e0 la Charte africaine des droits de l\u2019homme et des peuples \u00e9tablirait des directives d\u00e9taill\u00e9es sur le contenu des lois nationales.<\/p>\n","protected":false},"excerpt":{"rendered":"La D\u00e9claration universelle des droits de l\u2019homme, adopt\u00e9e par l\u2019Assembl\u00e9e g\u00e9n\u00e9rale de l\u2019ONU en 1948, pr\u00e9voit que: \u00abTout individu a droit \u00e0 une nationalit\u00e9. Nul ne peut \u00eatre arbitrairement priv\u00e9 de sa nationalit\u00e9, ni du droit de changer de nationalit\u00e9\u201d (Article 15). Depuis lors, le cadre du droit international des droits de l\u2019homme a progressivement [&hellip;]","protected":false},"author":1,"featured_media":0,"parent":0,"menu_order":0,"comment_status":"closed","ping_status":"closed","template":"","meta":{"_acf_changed":false,"_monsterinsights_skip_tracking":false,"_monsterinsights_sitenote_active":false,"_monsterinsights_sitenote_note":"","_monsterinsights_sitenote_category":0,"footnotes":""},"class_list":["post-8267","page","type-page","status-publish","hentry"],"acf":[],"_links":{"self":[{"href":"https:\/\/citizenshiprightsafrica.org\/fr\/wp-json\/wp\/v2\/pages\/8267","targetHints":{"allow":["GET"]}}],"collection":[{"href":"https:\/\/citizenshiprightsafrica.org\/fr\/wp-json\/wp\/v2\/pages"}],"about":[{"href":"https:\/\/citizenshiprightsafrica.org\/fr\/wp-json\/wp\/v2\/types\/page"}],"author":[{"embeddable":true,"href":"https:\/\/citizenshiprightsafrica.org\/fr\/wp-json\/wp\/v2\/users\/1"}],"replies":[{"embeddable":true,"href":"https:\/\/citizenshiprightsafrica.org\/fr\/wp-json\/wp\/v2\/comments?post=8267"}],"version-history":[{"count":4,"href":"https:\/\/citizenshiprightsafrica.org\/fr\/wp-json\/wp\/v2\/pages\/8267\/revisions"}],"predecessor-version":[{"id":11726,"href":"https:\/\/citizenshiprightsafrica.org\/fr\/wp-json\/wp\/v2\/pages\/8267\/revisions\/11726"}],"wp:attachment":[{"href":"https:\/\/citizenshiprightsafrica.org\/fr\/wp-json\/wp\/v2\/media?parent=8267"}],"curies":[{"name":"wp","href":"https:\/\/api.w.org\/{rel}","templated":true}]}}