{"id":8306,"date":"2016-06-20T12:27:30","date_gmt":"2016-06-20T12:27:30","guid":{"rendered":"http:\/\/citizenshiprightsafrica.org\/les-documents-d-identite\/identity-cards-passports-and-proof-of-nationality\/?lang=fr"},"modified":"2017-02-04T21:03:34","modified_gmt":"2017-02-04T21:03:34","slug":"les-cartes-d-identite-passeports-et-preuve-de-la-nationalite","status":"publish","type":"page","link":"https:\/\/citizenshiprightsafrica.org\/fr\/les-documents-d-identite\/les-cartes-d-identite-passeports-et-preuve-de-la-nationalite\/","title":{"rendered":"Les cartes d&rsquo;identit\u00e9, passeports et preuve de la nationalit\u00e9"},"content":{"rendered":"<p>Tous les pays africains n\u2019exigent pas de leurs ressortissants le port d\u2019une carte d\u2019identit\u00e9 nationale, mais ils sont de plus en plus nombreux \u00e0 le faire. Les \u00c9tats membres de la CEDEAO se sont engag\u00e9s \u00e0 introduire une carte d\u2019identit\u00e9 biom\u00e9trique de forme commune en 2017. L\u2019introduction de ces nouveaux syst\u00e8mes est peut-\u00eatre bas\u00e9e sur des pr\u00e9occupations en mati\u00e8re de s\u00e9curit\u00e9 nationale ou d\u2019am\u00e9lioration de la prestation des services publics\u00a0; mais pour que ces objectifs soient atteints, il faut veiller \u00e0 ce que des personnes ne soient pas arbitrairement exclues de l\u2019acquisition de ces documents en vertu du droit et des proc\u00e9dures.<\/p>\n<p>Tout citoyen doit avoir droit \u00e0 un passeport, permettant les d\u00e9placements internationaux, et ce document ne devrait pas faire l\u2019objet de retrait, sauf dans le cadre d\u2019une proc\u00e9dure r\u00e9guli\u00e8re (par exemple, pour une personne accus\u00e9e d\u2019un crime grave).<\/p>\n<p>Seuls quelques pays africains ont une proc\u00e9dure judiciaire ind\u00e9pendante pour l\u2019obtention d\u2019un \u00abcertificat de nationalit\u00e9 \u00bb ou d\u2019un document qui constitue une preuve irr\u00e9futable qu\u2019une personne a la nationalit\u00e9 du pays.<\/p>\n","protected":false},"excerpt":{"rendered":"Tous les pays africains n\u2019exigent pas de leurs ressortissants le port d\u2019une carte d\u2019identit\u00e9 nationale, mais ils sont de plus en plus nombreux \u00e0 le faire. Les \u00c9tats membres de la CEDEAO se sont engag\u00e9s \u00e0 introduire une carte d\u2019identit\u00e9 biom\u00e9trique de forme commune en 2017. L\u2019introduction de ces nouveaux syst\u00e8mes est peut-\u00eatre bas\u00e9e sur [&hellip;]","protected":false},"author":1,"featured_media":0,"parent":8300,"menu_order":0,"comment_status":"closed","ping_status":"closed","template":"","meta":{"_acf_changed":false,"_monsterinsights_skip_tracking":false,"_monsterinsights_sitenote_active":false,"_monsterinsights_sitenote_note":"","_monsterinsights_sitenote_category":0,"footnotes":""},"class_list":["post-8306","page","type-page","status-publish","hentry"],"acf":[],"_links":{"self":[{"href":"https:\/\/citizenshiprightsafrica.org\/fr\/wp-json\/wp\/v2\/pages\/8306","targetHints":{"allow":["GET"]}}],"collection":[{"href":"https:\/\/citizenshiprightsafrica.org\/fr\/wp-json\/wp\/v2\/pages"}],"about":[{"href":"https:\/\/citizenshiprightsafrica.org\/fr\/wp-json\/wp\/v2\/types\/page"}],"author":[{"embeddable":true,"href":"https:\/\/citizenshiprightsafrica.org\/fr\/wp-json\/wp\/v2\/users\/1"}],"replies":[{"embeddable":true,"href":"https:\/\/citizenshiprightsafrica.org\/fr\/wp-json\/wp\/v2\/comments?post=8306"}],"version-history":[{"count":6,"href":"https:\/\/citizenshiprightsafrica.org\/fr\/wp-json\/wp\/v2\/pages\/8306\/revisions"}],"predecessor-version":[{"id":11719,"href":"https:\/\/citizenshiprightsafrica.org\/fr\/wp-json\/wp\/v2\/pages\/8306\/revisions\/11719"}],"up":[{"embeddable":true,"href":"https:\/\/citizenshiprightsafrica.org\/fr\/wp-json\/wp\/v2\/pages\/8300"}],"wp:attachment":[{"href":"https:\/\/citizenshiprightsafrica.org\/fr\/wp-json\/wp\/v2\/media?parent=8306"}],"curies":[{"name":"wp","href":"https:\/\/api.w.org\/{rel}","templated":true}]}}