{"id":8312,"date":"2016-06-20T12:27:30","date_gmt":"2016-06-20T12:27:30","guid":{"rendered":"http:\/\/citizenshiprightsafrica.org\/loss-and-deprivation-of-nationality\/?lang=fr"},"modified":"2019-10-03T11:21:33","modified_gmt":"2019-10-03T11:21:33","slug":"la-perte-et-la-decheance-de-la-nationalite","status":"publish","type":"page","link":"https:\/\/citizenshiprightsafrica.org\/fr\/la-perte-et-la-decheance-de-la-nationalite\/","title":{"rendered":"Perte et d\u00e9ch\u00e9ance de la nationalit\u00e9"},"content":{"rendered":"<p>Le droit \u00e0 une nationalit\u00e9 pr\u00e9voit non seulement qu\u2019une personne peut acqu\u00e9rir la nationalit\u00e9 d\u2019origine, mais aussi que la privation arbitraire de la nationalit\u00e9 est interdite. La Convention de 1961 sur la r\u00e9duction des cas d\u2019apatridie \u00e9tablit des restrictions sur les droits des pays \u00e0 priver une personne de sa nationalit\u00e9, tandis que la Charte africaine des droits de l\u2019homme et des peuples instaure des exigences de proc\u00e9dure r\u00e9guli\u00e8re et la Commission africaine a confirm\u00e9 qu\u2019ils sont\u00a0 applicables au domaine des droits \u00e0 la nationalit\u00e9. Depuis 2008, le Conseil des droits de l\u2019homme des Nations Unies a adopt\u00e9 une s\u00e9rie de rapports et de r\u00e9solutions sur la privation arbitraire de la nationalit\u00e9, et l\u2019UNHCR a \u00e9galement publi\u00e9 des directives sur la perte et la privation de la nationalit\u00e9.<\/p>\n<p>La Convention de 1961 \u00e9tablit une distinction entre la perte de la nationalit\u00e9 (qui est automatique, par effet de la loi\u00a0; par exemple, elle est habituellement applicable en cas d\u2019acquisition d\u2019une autre nationalit\u00e9) et la privation ou d\u00e9ch\u00e9ance (qui implique une d\u00e9cision du pouvoir ex\u00e9cutif, par exemple, si une personne a commis un crime grave contre l\u2019Etat). Les lois de nombreux pays africains pr\u00e9voient des motifs extr\u00eamement larges de d\u00e9ch\u00e9ance de la nationalit\u00e9, et certains excluent m\u00eame la privation de la nationalit\u00e9 de l\u2019examen par les tribunaux. Dans la pratique, les pays africains qui veulent refuser la nationalit\u00e9 \u00e0 une personne ont souvent affirm\u00e9 que la nationalit\u00e9 de cette personne avait initialement \u00e9t\u00e9 reconnue \u00e0 tort\u00a0;toutefois, il est clair qu\u2019une telle affirmation est \u00e9galement soumise aux r\u00e8gles interdisant la privation arbitraire de la nationalit\u00e9.<\/p>\n","protected":false},"excerpt":{"rendered":"Le droit \u00e0 une nationalit\u00e9 pr\u00e9voit non seulement qu\u2019une personne peut acqu\u00e9rir la nationalit\u00e9 d\u2019origine, mais aussi que la privation arbitraire de la nationalit\u00e9 est interdite. La Convention de 1961 sur la r\u00e9duction des cas d\u2019apatridie \u00e9tablit des restrictions sur les droits des pays \u00e0 priver une personne de sa nationalit\u00e9, tandis que la Charte [&hellip;]","protected":false},"author":1,"featured_media":0,"parent":0,"menu_order":0,"comment_status":"closed","ping_status":"closed","template":"","meta":{"_acf_changed":false,"_monsterinsights_skip_tracking":false,"_monsterinsights_sitenote_active":false,"_monsterinsights_sitenote_note":"","_monsterinsights_sitenote_category":0,"footnotes":""},"class_list":["post-8312","page","type-page","status-publish","hentry"],"acf":[],"_links":{"self":[{"href":"https:\/\/citizenshiprightsafrica.org\/fr\/wp-json\/wp\/v2\/pages\/8312","targetHints":{"allow":["GET"]}}],"collection":[{"href":"https:\/\/citizenshiprightsafrica.org\/fr\/wp-json\/wp\/v2\/pages"}],"about":[{"href":"https:\/\/citizenshiprightsafrica.org\/fr\/wp-json\/wp\/v2\/types\/page"}],"author":[{"embeddable":true,"href":"https:\/\/citizenshiprightsafrica.org\/fr\/wp-json\/wp\/v2\/users\/1"}],"replies":[{"embeddable":true,"href":"https:\/\/citizenshiprightsafrica.org\/fr\/wp-json\/wp\/v2\/comments?post=8312"}],"version-history":[{"count":7,"href":"https:\/\/citizenshiprightsafrica.org\/fr\/wp-json\/wp\/v2\/pages\/8312\/revisions"}],"predecessor-version":[{"id":23927,"href":"https:\/\/citizenshiprightsafrica.org\/fr\/wp-json\/wp\/v2\/pages\/8312\/revisions\/23927"}],"wp:attachment":[{"href":"https:\/\/citizenshiprightsafrica.org\/fr\/wp-json\/wp\/v2\/media?parent=8312"}],"curies":[{"name":"wp","href":"https:\/\/api.w.org\/{rel}","templated":true}]}}