{"id":8324,"date":"2016-06-20T12:27:30","date_gmt":"2016-06-20T12:27:30","guid":{"rendered":"http:\/\/citizenshiprightsafrica.org\/nationality-and-refugees\/?lang=fr"},"modified":"2024-09-12T18:51:55","modified_gmt":"2024-09-12T18:51:55","slug":"nationalite-et-refugies","status":"publish","type":"page","link":"https:\/\/citizenshiprightsafrica.org\/fr\/nationalite-et-refugies\/","title":{"rendered":"L&rsquo;acc\u00e8s \u00e0 la nationalit\u00e9 pour les r\u00e9fugi\u00e9s"},"content":{"rendered":"<p>Le statut de r\u00e9fugi\u00e9 est, en principe, une protection temporaire. Les r\u00e9fugi\u00e9s fuient lorsque leur protection premi\u00e8re, \u00e0 savoir la protection nationale, a \u00e9chou\u00e9, et ils b\u00e9n\u00e9ficient d\u2019une protection internationale avec l\u2019octroi du statut de r\u00e9fugi\u00e9. Cette protection est destin\u00e9e \u00e0 \u00eatre remplac\u00e9e par une nouvelle protection nationale gr\u00e2ce \u00e0 l\u2019int\u00e9gration dans le pays d\u2019accueil (par l\u2019octroi de la r\u00e9sidence permanente conduisant \u00e0 la naturalisation), le rapatriement (qui implique la r\u00e9affirmation de la nationalit\u00e9 effective du pays d\u2019origine), ou la r\u00e9installation (avec la naturalisation ou la r\u00e9sidence permanente dans un pays tiers). Trop souvent, cependant, la situation des r\u00e9fugi\u00e9s en Afrique se prolonge, laissant les r\u00e9fugi\u00e9s (et leurs enfants) dans les limbes pendant des ann\u00e9es, voire des d\u00e9cennies.<\/p>\n<p>Les r\u00e9fugi\u00e9s qui n\u2019ont pas pu rentrer dans leur pays sont souvent dans l\u2019incapacit\u00e9 d\u2019acc\u00e9der \u00e0 l\u2019int\u00e9gration locale dans le pays o\u00f9 ils se sont r\u00e9fugi\u00e9s, en partie en raison des crit\u00e8res de naturalisation trop ardus. Outre les obstacles g\u00e9n\u00e9raux \u00e0 la naturalisation, les r\u00e9fugi\u00e9s font souvent face \u00e0 des difficult\u00e9s pour avoir acc\u00e8s aux proc\u00e9dures de naturalisation en raison d\u2019un manque de connaissances ou de finances n\u00e9cessaires pour les proc\u00e9dures, etc. Dans d\u2019autres cas, les r\u00e9fugi\u00e9s sont parfois confront\u00e9s \u00e0 des obstacles politiques ou culturels. Peu de pays africains ont pr\u00e9vu la naturalisation pour les populations de r\u00e9fugi\u00e9s de longue dur\u00e9e, avec pour exception notable la Tanzanie, qui accorde la nationalit\u00e9 aux r\u00e9fugi\u00e9s de longue dur\u00e9e venus du Rwanda et du Burundi.<\/p>\n<p>Les r\u00e9fugi\u00e9s sont \u00e9galement parfois confront\u00e9s \u00e0 des difficult\u00e9s pour retrouver leur nationalit\u00e9 ou obtenir confirmation de leur nationalit\u00e9 en retournant dans leur pays, quand ils peuvent le faire. Ainsi, au moins plusieurs centaines de r\u00e9fugi\u00e9s lib\u00e9riens (et leurs enfants) enregistr\u00e9s aupr\u00e8s de l\u2019UNHCR en Afrique de l\u2019Ouest se sont vu refuser la confirmation de la nationalit\u00e9 lib\u00e9rienne lorsque la crise des r\u00e9fugi\u00e9s lib\u00e9riens a \u00e9clat\u00e9 en 2012.<\/p>\n","protected":false},"excerpt":{"rendered":"Le statut de r\u00e9fugi\u00e9 est, en principe, une protection temporaire. Les r\u00e9fugi\u00e9s fuient lorsque leur protection premi\u00e8re, \u00e0 savoir la protection nationale, a \u00e9chou\u00e9, et ils b\u00e9n\u00e9ficient d\u2019une protection internationale avec l\u2019octroi du statut de r\u00e9fugi\u00e9. Cette protection est destin\u00e9e \u00e0 \u00eatre remplac\u00e9e par une nouvelle protection nationale gr\u00e2ce \u00e0 l\u2019int\u00e9gration dans le pays d\u2019accueil [&hellip;]","protected":false},"author":1,"featured_media":0,"parent":0,"menu_order":0,"comment_status":"closed","ping_status":"closed","template":"","meta":{"_acf_changed":false,"_monsterinsights_skip_tracking":false,"_monsterinsights_sitenote_active":false,"_monsterinsights_sitenote_note":"","_monsterinsights_sitenote_category":0,"footnotes":""},"class_list":["post-8324","page","type-page","status-publish","hentry"],"acf":[],"_links":{"self":[{"href":"https:\/\/citizenshiprightsafrica.org\/fr\/wp-json\/wp\/v2\/pages\/8324","targetHints":{"allow":["GET"]}}],"collection":[{"href":"https:\/\/citizenshiprightsafrica.org\/fr\/wp-json\/wp\/v2\/pages"}],"about":[{"href":"https:\/\/citizenshiprightsafrica.org\/fr\/wp-json\/wp\/v2\/types\/page"}],"author":[{"embeddable":true,"href":"https:\/\/citizenshiprightsafrica.org\/fr\/wp-json\/wp\/v2\/users\/1"}],"replies":[{"embeddable":true,"href":"https:\/\/citizenshiprightsafrica.org\/fr\/wp-json\/wp\/v2\/comments?post=8324"}],"version-history":[{"count":9,"href":"https:\/\/citizenshiprightsafrica.org\/fr\/wp-json\/wp\/v2\/pages\/8324\/revisions"}],"predecessor-version":[{"id":41453,"href":"https:\/\/citizenshiprightsafrica.org\/fr\/wp-json\/wp\/v2\/pages\/8324\/revisions\/41453"}],"wp:attachment":[{"href":"https:\/\/citizenshiprightsafrica.org\/fr\/wp-json\/wp\/v2\/media?parent=8324"}],"curies":[{"name":"wp","href":"https:\/\/api.w.org\/{rel}","templated":true}]}}