{"id":8335,"date":"2016-06-20T12:27:30","date_gmt":"2016-06-20T12:27:30","guid":{"rendered":"http:\/\/citizenshiprightsafrica.org\/state-succession\/?lang=fr"},"modified":"2017-02-04T21:26:24","modified_gmt":"2017-02-04T21:26:24","slug":"la-succession-d-etats","status":"publish","type":"page","link":"https:\/\/citizenshiprightsafrica.org\/fr\/la-succession-d-etats\/","title":{"rendered":"Succession d&rsquo;Etats"},"content":{"rendered":"<p>La succession d\u2019Etats se r\u00e9f\u00e8re \u00e0 la situation o\u00f9 un \u00c9tat en remplace un autre en mati\u00e8re de responsabilit\u00e9 d\u2019un territoire dans les relations internationales. Ceci peut se produire, par exemple, quand une puissance coloniale renonce \u00e0 son contr\u00f4le sur un territoire \u2013 ce qui a \u00e9t\u00e9 le cas dans la plupart des pays africains au moment de l\u2019acc\u00e8s \u00e0 l\u2019ind\u00e9pendance par rapport aux pays europ\u00e9ens \u00e0 la fin des ann\u00e9es 1950. Cela peut se produire \u00e9galement lorsqu\u2019une partie d\u2019un \u00c9tat fait s\u00e9cession pour former un nouvel Etat, comme dans le cas de l\u2019\u00c9rythr\u00e9e et du Soudan du Sud. On parle \u00e9galement de succession d\u2019Etats lorsque la souverainet\u00e9 sur un territoire est transf\u00e9r\u00e9e d\u2019un territoire \u00e0 un autre, comme ce fut le cas pour la p\u00e9ninsule de Bakassi entre le Nigeria et le Cameroun.<\/p>\n<p>La succession d\u2019Etats soul\u00e8ve des questions particuli\u00e8res en mati\u00e8re de nationalit\u00e9. La r\u00e8gle par d\u00e9faut en droit international est qu\u2019une personne, en l\u2019absence d\u2019un autre arrangement, doit acqu\u00e9rir ou conserver la nationalit\u00e9 fond\u00e9e sur la r\u00e9sidence habituelle. Toute personne qui avait la nationalit\u00e9 d\u2019un Etat pr\u00e9d\u00e9cesseur doit avoir la nationalit\u00e9 d\u2019au moins l\u2019un des Etats successeurs. Mais il y a beaucoup de cas o\u00f9 ces r\u00e8gles de protection contre l\u2019apatridie n\u2019ont pas \u00e9t\u00e9 respect\u00e9es.<\/p>\n<p>La Commission du droit international a adopt\u00e9 le projet d\u2019Articles sur la nationalit\u00e9 des personnes physiques en relation avec la succession d\u2019\u00e9tats, un document important qui \u00e9tablit des principes directeurs de premier plan pour les Etats en mati\u00e8re de nationalit\u00e9 dans le contexte de la succession d\u2019Etats.<\/p>\n","protected":false},"excerpt":{"rendered":"La succession d\u2019Etats se r\u00e9f\u00e8re \u00e0 la situation o\u00f9 un \u00c9tat en remplace un autre en mati\u00e8re de responsabilit\u00e9 d\u2019un territoire dans les relations internationales. Ceci peut se produire, par exemple, quand une puissance coloniale renonce \u00e0 son contr\u00f4le sur un territoire \u2013 ce qui a \u00e9t\u00e9 le cas dans la plupart des pays africains [&hellip;]","protected":false},"author":1,"featured_media":0,"parent":0,"menu_order":0,"comment_status":"closed","ping_status":"closed","template":"","meta":{"_acf_changed":false,"_monsterinsights_skip_tracking":false,"_monsterinsights_sitenote_active":false,"_monsterinsights_sitenote_note":"","_monsterinsights_sitenote_category":0,"footnotes":""},"class_list":["post-8335","page","type-page","status-publish","hentry"],"acf":[],"_links":{"self":[{"href":"https:\/\/citizenshiprightsafrica.org\/fr\/wp-json\/wp\/v2\/pages\/8335","targetHints":{"allow":["GET"]}}],"collection":[{"href":"https:\/\/citizenshiprightsafrica.org\/fr\/wp-json\/wp\/v2\/pages"}],"about":[{"href":"https:\/\/citizenshiprightsafrica.org\/fr\/wp-json\/wp\/v2\/types\/page"}],"author":[{"embeddable":true,"href":"https:\/\/citizenshiprightsafrica.org\/fr\/wp-json\/wp\/v2\/users\/1"}],"replies":[{"embeddable":true,"href":"https:\/\/citizenshiprightsafrica.org\/fr\/wp-json\/wp\/v2\/comments?post=8335"}],"version-history":[{"count":8,"href":"https:\/\/citizenshiprightsafrica.org\/fr\/wp-json\/wp\/v2\/pages\/8335\/revisions"}],"predecessor-version":[{"id":11733,"href":"https:\/\/citizenshiprightsafrica.org\/fr\/wp-json\/wp\/v2\/pages\/8335\/revisions\/11733"}],"wp:attachment":[{"href":"https:\/\/citizenshiprightsafrica.org\/fr\/wp-json\/wp\/v2\/media?parent=8335"}],"curies":[{"name":"wp","href":"https:\/\/api.w.org\/{rel}","templated":true}]}}