{"id":8351,"date":"2016-06-20T12:27:28","date_gmt":"2016-06-20T12:27:28","guid":{"rendered":"http:\/\/citizenshiprightsafrica.org\/central-africa\/?lang=fr"},"modified":"2024-07-25T12:47:49","modified_gmt":"2024-07-25T12:47:49","slug":"afrique-centrale","status":"publish","type":"page","link":"https:\/\/citizenshiprightsafrica.org\/fr\/afrique-centrale\/","title":{"rendered":"Afrique centrale"},"content":{"rendered":"<p>La r\u00e9gion d\u2019Afrique centrale reconnue par l\u2019Union africaine est compos\u00e9e de neuf pays : le Burundi, le Cameroun, la R\u00e9publique centrafricaine, le Tchad, la R\u00e9publique d\u00e9mocratique du Congo (RDC), la Guin\u00e9e \u00e9quatoriale, le Gabon, la R\u00e9publique du Congo et S\u00e3o Tom\u00e9 et Pr\u00edncipe.<\/p>\n<p>Ces neuf pays constituent \u00e9galement le noyau de la <a href=\"http:\/\/www.ceeac-eccas.org\/index.php\/fr\/\" target=\"_blank\" rel=\"noopener noreferrer\">Communaut\u00e9 \u00e9conomique des \u00c9tats de l\u2019Afrique centrale<\/a> (CEEAC), auquel il faut ajouter l\u2019Angola et le Rwanda. La CEEAC a adopt\u00e9 un protocole sur la libre circulation, mais sa mise en \u0153uvre n\u2019est pas au m\u00eame niveau d\u2019avancement que la CEDEAO et la Communaut\u00e9 de l\u2019Afrique de l\u2019Est.<\/p>\n<p>Peut-\u00eatre plus pertinente pour les questions li\u00e9es au respect du droit \u00e0 une nationalit\u00e9 dans la r\u00e9gion, on peut citer la <a href=\"https:\/\/icglr.org\/fr\/accueil\/\" target=\"_blank\" rel=\"noopener noreferrer\">Conf\u00e9rence internationale sur la r\u00e9gion des Grands Lacs<\/a> (CIRGL), qui regroupe le Kenya, le Soudan, le Soudan du sud, l\u2019Ouganda et la Zambie (mais pas le Cameroun, le Tchad, la Guin\u00e9e \u00c9quatoriale, le Gabon ou S\u00e3o Tom\u00e9 et Pr\u00edncipe) en tant que signataires du Pacte sur la s\u00e9curit\u00e9, la stabilit\u00e9 et le d\u00e9veloppement dans la r\u00e9gion des Grands Lacs, son document fondateur.<\/p>\n<p>La CIRGL a \u00e9t\u00e9 form\u00e9 en r\u00e9ponse aux multiples crises et flux de r\u00e9fugi\u00e9s engendr\u00e9s par la guerre en RDC \u2013 une guerre qui trouvait au moins en partie son origine dans des conflits sur la nationalit\u00e9, sur le droit des personnes qui parlent kinyarwanda \u00e0 \u00eatre Congolais. Parmi les personnes affect\u00e9es, certaines sont des descendants de personnes qui ont toujours \u00e9t\u00e9 r\u00e9sidentes dans ce qui est actuellement la RDC, d\u2019autres ont \u00e9t\u00e9 amen\u00e9es comme travailleurs forc\u00e9s par les Belges, d\u2019autres encore sont des r\u00e9fugi\u00e9s qui ont fui le Rwanda en 1959, tandis que d\u2019autres sont des migrants plus r\u00e9cents. Le code de la nationalit\u00e9 a \u00e9t\u00e9 modifi\u00e9 \u00e0 plusieurs reprises depuis 1960, pour cr\u00e9er diff\u00e9rents niveaux d\u2019inclusion pour ceux qui parlent kinyarwanda, ce qui constitue toujours une discrimination sur la base de l\u2019appartenance ethnique. En cons\u00e9quence, la RDC est l\u2019une des plus importantes populations de personnes \u00e0 risque d\u2019apatridie \u2013 bien que, en raison des faiblesses de l\u2019administration publique en g\u00e9n\u00e9ral, il soit impossible de pr\u00e9ciser leur nombre.<\/p>\n<p>Les pays de la r\u00e9gion d\u2019Afrique centrale ont en commun une tradition de droit civil en ce qui concerne leurs codes de la nationalit\u00e9 (mais avec des variations h\u00e9rit\u00e9es des diff\u00e9rentes traditions de la France, la Belgique, le Portugal et l\u2019Espagne).<\/p>\n","protected":false},"excerpt":{"rendered":"La r\u00e9gion d\u2019Afrique centrale reconnue par l\u2019Union africaine est compos\u00e9e de neuf pays : le Burundi, le Cameroun, la R\u00e9publique centrafricaine, le Tchad, la R\u00e9publique d\u00e9mocratique du Congo (RDC), la Guin\u00e9e \u00e9quatoriale, le Gabon, la R\u00e9publique du Congo et S\u00e3o Tom\u00e9 et Pr\u00edncipe. Ces neuf pays constituent \u00e9galement le noyau de la Communaut\u00e9 \u00e9conomique des [&hellip;]","protected":false},"author":1,"featured_media":24168,"parent":0,"menu_order":0,"comment_status":"closed","ping_status":"closed","template":"","meta":{"_acf_changed":false,"_monsterinsights_skip_tracking":false,"_monsterinsights_sitenote_active":false,"_monsterinsights_sitenote_note":"","_monsterinsights_sitenote_category":0,"footnotes":""},"class_list":["post-8351","page","type-page","status-publish","has-post-thumbnail","hentry"],"acf":[],"_links":{"self":[{"href":"https:\/\/citizenshiprightsafrica.org\/fr\/wp-json\/wp\/v2\/pages\/8351","targetHints":{"allow":["GET"]}}],"collection":[{"href":"https:\/\/citizenshiprightsafrica.org\/fr\/wp-json\/wp\/v2\/pages"}],"about":[{"href":"https:\/\/citizenshiprightsafrica.org\/fr\/wp-json\/wp\/v2\/types\/page"}],"author":[{"embeddable":true,"href":"https:\/\/citizenshiprightsafrica.org\/fr\/wp-json\/wp\/v2\/users\/1"}],"replies":[{"embeddable":true,"href":"https:\/\/citizenshiprightsafrica.org\/fr\/wp-json\/wp\/v2\/comments?post=8351"}],"version-history":[{"count":18,"href":"https:\/\/citizenshiprightsafrica.org\/fr\/wp-json\/wp\/v2\/pages\/8351\/revisions"}],"predecessor-version":[{"id":40937,"href":"https:\/\/citizenshiprightsafrica.org\/fr\/wp-json\/wp\/v2\/pages\/8351\/revisions\/40937"}],"wp:featuredmedia":[{"embeddable":true,"href":"https:\/\/citizenshiprightsafrica.org\/fr\/wp-json\/wp\/v2\/media\/24168"}],"wp:attachment":[{"href":"https:\/\/citizenshiprightsafrica.org\/fr\/wp-json\/wp\/v2\/media?parent=8351"}],"curies":[{"name":"wp","href":"https:\/\/api.w.org\/{rel}","templated":true}]}}