{"id":8364,"date":"2016-06-20T12:27:35","date_gmt":"2016-06-20T12:27:35","guid":{"rendered":"http:\/\/citizenshiprightsafrica.org\/west-africa\/nigeria\/?lang=fr"},"modified":"2020-07-28T14:19:51","modified_gmt":"2020-07-28T14:19:51","slug":"nigeria","status":"publish","type":"page","link":"https:\/\/citizenshiprightsafrica.org\/fr\/afrique-de-l-ouest\/nigeria\/","title":{"rendered":"Nig\u00e9ria"},"content":{"rendered":"<p>Au Nig\u00e9ria, la nationalit\u00e9 est r\u00e9gie par le <a href=\"http:\/\/citizenshiprightsafrica.org\/nigeria-constitution-1999-chapter-iii-on-citizenship\/?lang=fr\" target=\"_blank\" rel=\"noopener noreferrer\">chapitre III de la Constitution de 1999<\/a>. Aucune l\u00e9gislation n\u2019a \u00e9t\u00e9 mise en \u0153uvre depuis l\u2019abrogation en 1974 des codes de la nationalit\u00e9 de 1960 et 1961.<\/p>\n<p>La loi ne fait pas de discrimination \u00e0 l\u2019\u00e9gard des femmes concernant leur capacit\u00e9 \u00e0 transmettre leur nationalit\u00e9 \u00e0 leurs enfants, mais limite leur capacit\u00e9 \u00e0 transmettre leur nationalit\u00e9 \u00e0 leur non conjoints \u00e9trangers. La loi ne contient pas de clause de sauvegarde pour garantir l\u2019acc\u00e8s \u00e0 la nationalit\u00e9 pour les enfants de parents inconnus n\u00e9s au Nig\u00e9ria ou les enfants n\u00e9s au Nig\u00e9ria qui, autrement, seraient apatrides. En ce qui concerne ceux qui sont devenus des ressortissants \u00e0 l\u2019ind\u00e9pendance, la Constitution dispose que ceux qui sont n\u00e9s au Nig\u00e9ria acqui\u00e8rent la nationalit\u00e9 \u00e0 condition que l\u2019un des parents ou grands-parents appartiennent \u00e0 \u00ab une communaut\u00e9 autochtone au Nig\u00e9ria \u00bb, sans donner une d\u00e9finition au mot \u00abautochtone\u00bb.<\/p>\n<p>La question de l\u2019appartenance \u00e0 une \u00abcommunaut\u00e9 autochtone\u00bb a \u00e9galement une importance pour des droits plus larges de participation et les droits des Nig\u00e9rians dans les diff\u00e9rents Etats de la f\u00e9d\u00e9ration. Les r\u00e8gles concernant les nominations \u00e0 des fonctions publiques imposent le respect du \u00ab caract\u00e8re f\u00e9d\u00e9ral \u00bb du Nig\u00e9ria, en r\u00e9f\u00e9rence \u00e0 l\u2019Etat dont une personne est \u00ab autochtone \u00bb (<em>indigenous<\/em>). \u00catre \u00e9tiquet\u00e9 un non-autochtone peut entra\u00eener des co\u00fbts plus \u00e9lev\u00e9s pour l\u2019\u00e9ducation, l\u2019incapacit\u00e9 d\u2019acc\u00e9der \u00e0 des emplois au sein de la fonction publique et d\u2019autres formes de discrimination.<\/p>\n<p>La <a href=\"http:\/\/citizenshiprightsafrica.org\/case-concerning-the-land-and-maritime-boundary-between-cameroon-and-nigeria\/?lang=fr\" target=\"_blank\" rel=\"noopener noreferrer\">d\u00e9cision de la Cour internationale de Justice<\/a> de transf\u00e9rer la souverainet\u00e9 de la p\u00e9ninsule de Bakassi du Nig\u00e9ria au Cameroun a laiss\u00e9 un grand nombre de personnes en situation de\u00a0 risque d\u2019apatridie, y compris les anciens r\u00e9sidents de la p\u00e9ninsule qui se sont r\u00e9implant\u00e9s au Nig\u00e9ria.<\/p>\n","protected":false},"excerpt":{"rendered":"Au Nig\u00e9ria, la nationalit\u00e9 est r\u00e9gie par le chapitre III de la Constitution de 1999. Aucune l\u00e9gislation n\u2019a \u00e9t\u00e9 mise en \u0153uvre depuis l\u2019abrogation en 1974 des codes de la nationalit\u00e9 de 1960 et 1961. La loi ne fait pas de discrimination \u00e0 l\u2019\u00e9gard des femmes concernant leur capacit\u00e9 \u00e0 transmettre leur nationalit\u00e9 \u00e0 leurs [&hellip;]","protected":false},"author":1,"featured_media":3790,"parent":8348,"menu_order":0,"comment_status":"closed","ping_status":"closed","template":"","meta":{"_acf_changed":false,"_monsterinsights_skip_tracking":false,"_monsterinsights_sitenote_active":false,"_monsterinsights_sitenote_note":"","_monsterinsights_sitenote_category":0,"footnotes":""},"class_list":["post-8364","page","type-page","status-publish","has-post-thumbnail","hentry"],"acf":[],"_links":{"self":[{"href":"https:\/\/citizenshiprightsafrica.org\/fr\/wp-json\/wp\/v2\/pages\/8364","targetHints":{"allow":["GET"]}}],"collection":[{"href":"https:\/\/citizenshiprightsafrica.org\/fr\/wp-json\/wp\/v2\/pages"}],"about":[{"href":"https:\/\/citizenshiprightsafrica.org\/fr\/wp-json\/wp\/v2\/types\/page"}],"author":[{"embeddable":true,"href":"https:\/\/citizenshiprightsafrica.org\/fr\/wp-json\/wp\/v2\/users\/1"}],"replies":[{"embeddable":true,"href":"https:\/\/citizenshiprightsafrica.org\/fr\/wp-json\/wp\/v2\/comments?post=8364"}],"version-history":[{"count":7,"href":"https:\/\/citizenshiprightsafrica.org\/fr\/wp-json\/wp\/v2\/pages\/8364\/revisions"}],"predecessor-version":[{"id":27874,"href":"https:\/\/citizenshiprightsafrica.org\/fr\/wp-json\/wp\/v2\/pages\/8364\/revisions\/27874"}],"up":[{"embeddable":true,"href":"https:\/\/citizenshiprightsafrica.org\/fr\/wp-json\/wp\/v2\/pages\/8348"}],"wp:featuredmedia":[{"embeddable":true,"href":"https:\/\/citizenshiprightsafrica.org\/fr\/wp-json\/wp\/v2\/media\/3790"}],"wp:attachment":[{"href":"https:\/\/citizenshiprightsafrica.org\/fr\/wp-json\/wp\/v2\/media?parent=8364"}],"curies":[{"name":"wp","href":"https:\/\/api.w.org\/{rel}","templated":true}]}}