{"id":8368,"date":"2016-06-20T12:27:33","date_gmt":"2016-06-20T12:27:33","guid":{"rendered":"http:\/\/citizenshiprightsafrica.org\/central-africa\/republic-of-congo\/?lang=fr"},"modified":"2017-02-05T11:56:21","modified_gmt":"2017-02-05T11:56:21","slug":"republique-du-congo","status":"publish","type":"page","link":"https:\/\/citizenshiprightsafrica.org\/fr\/afrique-centrale\/republique-du-congo\/","title":{"rendered":"R\u00e9publique du Congo"},"content":{"rendered":"<p>En R\u00e9publique du Congo, la nationalit\u00e9 est d\u00e9finie par la <a href=\"http:\/\/citizenshiprightsafrica.org\/rep-congo-loi-35-61-du-20-juin-1961-portant-code-de-la-nationalite-congolaise\/?lang=fr\" target=\"_blank\">Loi 35-61 du 20 juin 1961 portant code de la nationalit\u00e9 congolaise<\/a>, qui a \u00e9t\u00e9 r\u00e9vis\u00e9e en <a href=\"http:\/\/citizenshiprightsafrica.org\/rep-congo-loi-no-2-93-du-30-septembre-1993-modifiant-larticle-30-de-la-loi-no-35-61-du-20-juin-1961-portant-code-de-la-nationalite\/?lang=fr\">1993 <\/a>et <a href=\"http:\/\/citizenshiprightsafrica.org\/rep-congo-loi-n-32-2011-modifiant-certaines-dispositions-de-la-loi-n-35-61-du-20-juin-1961-portant-code-de-la-nationalite-congolaise\/?lang=fr\">2011<\/a>. Le code de la nationalit\u00e9 fournit un ensemble assez complexe de r\u00e8gles sur l\u2019acquisition de nationalit\u00e9 d\u2019origine, mais globalement, tout enfant n\u00e9 au Congo peut acqu\u00e9rir la nationalit\u00e9 d\u2019origine de l\u2019un de ses parents, ou si l\u2019un de ses parents est aussi n\u00e9 au Congo. La transmission de la nationalit\u00e9 entre conjoints ne peut se faire que pour une femme \u00e9trang\u00e8re mari\u00e9e \u00e0 un homme congolais. La Constitution de 2002 fait \u00e9galement r\u00e9f\u00e9rence \u00e0 la nationalit\u00e9, affirmant le droit des ressortissants congolais d\u2019acqu\u00e9rir une deuxi\u00e8me nationalit\u00e9 ; cet amendement a \u00e9t\u00e9 instaur\u00e9 par l\u2019amendement de 2011 au code de la nationalit\u00e9.<\/p>\n<p>Le <a href=\"http:\/\/citizenshiprightsafrica.org\/crc-concluding-observations-republic-of-the-congo-2006\/?lang=fr\" target=\"_blank\">Comit\u00e9 des Nations Unies des droits de l\u2019enfant<\/a> fait part de pr\u00e9occupations devant le fait que, bien que la R\u00e9publique du Congo ait adopt\u00e9 plusieurs des recommandations du Comit\u00e9, il faut prendre des mesures pour am\u00e9liorer la coordination et la mise en place effective de m\u00e9canismes visant \u00e0 am\u00e9liorer les droits des enfants.<\/p>\n<p>La nationalit\u00e9 de la R\u00e9publique du Congo peut \u00eatre transmise sur un pied d\u2019\u00e9galit\u00e9 par les m\u00e8res et les p\u00e8res congolais, comme not\u00e9 dans le rapport du <a href=\"http:\/\/citizenshiprightsafrica.org\/cedaw-consideration-of-state-report-of-republic-of-the-congo\/?lang=fr\" target=\"_blank\">Comit\u00e9 pour l\u2019\u00e9limination de la discrimination \u00e0 l\u2019\u00e9gard des femmes<\/a>.<\/p>\n","protected":false},"excerpt":{"rendered":"En R\u00e9publique du Congo, la nationalit\u00e9 est d\u00e9finie par la Loi 35-61 du 20 juin 1961 portant code de la nationalit\u00e9 congolaise, qui a \u00e9t\u00e9 r\u00e9vis\u00e9e en 1993 et 2011. Le code de la nationalit\u00e9 fournit un ensemble assez complexe de r\u00e8gles sur l\u2019acquisition de nationalit\u00e9 d\u2019origine, mais globalement, tout enfant n\u00e9 au Congo peut [&hellip;]","protected":false},"author":1,"featured_media":3658,"parent":8351,"menu_order":0,"comment_status":"closed","ping_status":"closed","template":"","meta":{"_acf_changed":false,"_monsterinsights_skip_tracking":false,"_monsterinsights_sitenote_active":false,"_monsterinsights_sitenote_note":"","_monsterinsights_sitenote_category":0,"footnotes":""},"class_list":["post-8368","page","type-page","status-publish","has-post-thumbnail","hentry"],"acf":[],"_links":{"self":[{"href":"https:\/\/citizenshiprightsafrica.org\/fr\/wp-json\/wp\/v2\/pages\/8368","targetHints":{"allow":["GET"]}}],"collection":[{"href":"https:\/\/citizenshiprightsafrica.org\/fr\/wp-json\/wp\/v2\/pages"}],"about":[{"href":"https:\/\/citizenshiprightsafrica.org\/fr\/wp-json\/wp\/v2\/types\/page"}],"author":[{"embeddable":true,"href":"https:\/\/citizenshiprightsafrica.org\/fr\/wp-json\/wp\/v2\/users\/1"}],"replies":[{"embeddable":true,"href":"https:\/\/citizenshiprightsafrica.org\/fr\/wp-json\/wp\/v2\/comments?post=8368"}],"version-history":[{"count":4,"href":"https:\/\/citizenshiprightsafrica.org\/fr\/wp-json\/wp\/v2\/pages\/8368\/revisions"}],"predecessor-version":[{"id":11769,"href":"https:\/\/citizenshiprightsafrica.org\/fr\/wp-json\/wp\/v2\/pages\/8368\/revisions\/11769"}],"up":[{"embeddable":true,"href":"https:\/\/citizenshiprightsafrica.org\/fr\/wp-json\/wp\/v2\/pages\/8351"}],"wp:featuredmedia":[{"embeddable":true,"href":"https:\/\/citizenshiprightsafrica.org\/fr\/wp-json\/wp\/v2\/media\/3658"}],"wp:attachment":[{"href":"https:\/\/citizenshiprightsafrica.org\/fr\/wp-json\/wp\/v2\/media?parent=8368"}],"curies":[{"name":"wp","href":"https:\/\/api.w.org\/{rel}","templated":true}]}}