{"id":8369,"date":"2016-06-20T12:27:33","date_gmt":"2016-06-20T12:27:33","guid":{"rendered":"http:\/\/citizenshiprightsafrica.org\/north-africa\/mauritania\/?lang=fr"},"modified":"2022-08-04T22:25:54","modified_gmt":"2022-08-04T22:25:54","slug":"mauritanie","status":"publish","type":"page","link":"https:\/\/citizenshiprightsafrica.org\/fr\/afrique-du-nord\/mauritanie\/","title":{"rendered":"Mauritanie"},"content":{"rendered":"<p>L\u2019acc\u00e8s \u00e0 la nationalit\u00e9 mauritanienne est r\u00e9gi par la <a href=\"http:\/\/citizenshiprightsafrica.org\/loi-n-1961-112-du-13-juin-1961-portant-code-de-la-nationalite-mauritanienne\/?lang=fr\" target=\"_blank\" rel=\"noopener\">Loi N\u00b0 1961-112 portant code de la nationalit\u00e9 mauritanienne<\/a>, tel que modifi\u00e9 le plus r\u00e9cemment par la <a href=\"http:\/\/citizenshiprightsafrica.org\/loi-no-2010-023-du-11-fevrier-2010\/?lang=fr\" target=\"_blank\" rel=\"noopener\">Loi No 2010 \u2013 023<\/a> et la <a href=\"https:\/\/citizenshiprightsafrica.org\/mauritanie-loi-n-2021-016-portant-modification-de-certaines-dispositions-de-la-loi-n-61-112-du-12-juin-1961-modifiee-portant-code-de-la-nationalite-mauritanienne\/\" target=\"_blank\" rel=\"noopener\">Loi No. 2021-016<\/a>. La loi de 2010 a apport\u00e9 plusieurs changements importants \u00e0 la loi, supprimant les dispositions qui permettaient \u00e0 tout enfant n\u00e9 en Mauritanie d\u2019un p\u00e8re \u00e9galement n\u00e9 en Mauritanie d\u2019\u00eatre consid\u00e9r\u00e9 comme un ressortissant. Une autre modification a port\u00e9 sur la disposition relative \u00e0 l\u2019acc\u00e8s \u00e0 la nationalit\u00e9 des femmes mari\u00e9es \u00e0 des hommes mauritaniens, changeant la reconnaissance automatique en processus de demande. Il n\u2019y a toujours pas de disposition permettant aux hommes \u00e9trangers mari\u00e9s \u00e0 des femmes mauritaniennes d\u2019acc\u00e9der \u00e0 la nationalit\u00e9. En <a href=\"https:\/\/citizenshiprightsafrica.org\/mauritanie-loi-n-2021-016-portant-modification-de-certaines-dispositions-de-la-loi-n-61-112-du-12-juin-1961-modifiee-portant-code-de-la-nationalite-mauritanienne\/\" target=\"_blank\" rel=\"noopener\">2021, la loi \u00e9t\u00e9 modifi\u00e9<\/a> encore une fois, afin de permettre la double nationalit\u00e9.<\/p>\n<p>Une question cruciale en mati\u00e8re de citoyennet\u00e9 en Mauritanie a \u00e9t\u00e9 le traitement des mauritaniens africains noirs. La Mauritanie est peupl\u00e9e de trois groupes principaux\u00a0: les Arabes ou Beydanes \u00e0 la peau claire, les Haratines ou maures noirs parlant arabe, et des personnes \u00e0 la peau fonc\u00e9e appartenant \u00e0 des groupes d\u2019Afrique subsaharienne. Au milieu des ann\u00e9es 1980, le gouvernement mauritanien a entrepris une politique d\u2019arabisation, qui a mis en col\u00e8re les Mauritaniens qui ne parlaient pas arabe. En 1989, suite \u00e0 un diff\u00e9rend entre des agriculteurs s\u00e9n\u00e9galais et des \u00e9leveurs mauritaniens dans la vall\u00e9e du fleuve S\u00e9n\u00e9gal, les deux pays furent au bord de la guerre et chacun a convenu de rapatrier les citoyens de l\u2019autre pays.<\/p>\n<p>La Mauritanie a profit\u00e9 de cette situation pour expulser environ 70.000 \u00e0 80.000 Mauritaniens noirs au S\u00e9n\u00e9gal et au Mali. Le gouvernement a affirm\u00e9 \u00e0 l\u2019\u00e9poque que les expuls\u00e9s \u00e9taient des ressortissants s\u00e9n\u00e9galais, mais les populations impact\u00e9es rapportent avoir eu \u00e0 rendre leurs cartes d\u2019identit\u00e9 et \u00eatre forc\u00e9 \u00e0 monter dans des camions qui les ont transport\u00e9es de l\u2019autre c\u00f4t\u00e9 de la fronti\u00e8re.<\/p>\n<p>En 2005, un changement de gouvernement a ouvert la porte au rapatriement vers la Mauritanie et environ 25.000 Mauritaniens sont revenus avec l\u2019aide de l\u2019UNHCR entre 2008 et 2012. Cependant, les rapatri\u00e9s se plaignent de n\u2019avoir pas pu acc\u00e9der \u00e0 leurs cartes d\u2019identit\u00e9 ou leurs terres perdues.<\/p>\n","protected":false},"excerpt":{"rendered":"L\u2019acc\u00e8s \u00e0 la nationalit\u00e9 mauritanienne est r\u00e9gi par la Loi N\u00b0 1961-112 portant code de la nationalit\u00e9 mauritanienne, tel que modifi\u00e9 le plus r\u00e9cemment par la Loi No 2010 \u2013 023 et la Loi No. 2021-016. La loi de 2010 a apport\u00e9 plusieurs changements importants \u00e0 la loi, supprimant les dispositions qui permettaient \u00e0 tout [&hellip;]","protected":false},"author":1,"featured_media":3717,"parent":8352,"menu_order":0,"comment_status":"closed","ping_status":"closed","template":"","meta":{"_acf_changed":false,"_monsterinsights_skip_tracking":false,"_monsterinsights_sitenote_active":false,"_monsterinsights_sitenote_note":"","_monsterinsights_sitenote_category":0,"footnotes":""},"class_list":["post-8369","page","type-page","status-publish","has-post-thumbnail","hentry"],"acf":[],"_links":{"self":[{"href":"https:\/\/citizenshiprightsafrica.org\/fr\/wp-json\/wp\/v2\/pages\/8369","targetHints":{"allow":["GET"]}}],"collection":[{"href":"https:\/\/citizenshiprightsafrica.org\/fr\/wp-json\/wp\/v2\/pages"}],"about":[{"href":"https:\/\/citizenshiprightsafrica.org\/fr\/wp-json\/wp\/v2\/types\/page"}],"author":[{"embeddable":true,"href":"https:\/\/citizenshiprightsafrica.org\/fr\/wp-json\/wp\/v2\/users\/1"}],"replies":[{"embeddable":true,"href":"https:\/\/citizenshiprightsafrica.org\/fr\/wp-json\/wp\/v2\/comments?post=8369"}],"version-history":[{"count":9,"href":"https:\/\/citizenshiprightsafrica.org\/fr\/wp-json\/wp\/v2\/pages\/8369\/revisions"}],"predecessor-version":[{"id":36357,"href":"https:\/\/citizenshiprightsafrica.org\/fr\/wp-json\/wp\/v2\/pages\/8369\/revisions\/36357"}],"up":[{"embeddable":true,"href":"https:\/\/citizenshiprightsafrica.org\/fr\/wp-json\/wp\/v2\/pages\/8352"}],"wp:featuredmedia":[{"embeddable":true,"href":"https:\/\/citizenshiprightsafrica.org\/fr\/wp-json\/wp\/v2\/media\/3717"}],"wp:attachment":[{"href":"https:\/\/citizenshiprightsafrica.org\/fr\/wp-json\/wp\/v2\/media?parent=8369"}],"curies":[{"name":"wp","href":"https:\/\/api.w.org\/{rel}","templated":true}]}}