{"id":8372,"date":"2016-06-20T12:27:33","date_gmt":"2016-06-20T12:27:33","guid":{"rendered":"http:\/\/citizenshiprightsafrica.org\/north-africa\/tunisia\/?lang=fr"},"modified":"2017-02-06T17:33:36","modified_gmt":"2017-02-06T17:33:36","slug":"tunisie","status":"publish","type":"page","link":"https:\/\/citizenshiprightsafrica.org\/fr\/afrique-du-nord\/tunisie\/","title":{"rendered":"Tunisie"},"content":{"rendered":"<p>En Tunisie, la nationalit\u00e9 est r\u00e9gie par le <a href=\"http:\/\/citizenshiprightsafrica.org\/decret-loi-portant-refonte-du-code-de-la-nationalite-tunisienne-ratifie-par-la-loi-n63-7-du-22-avril-1963\/?lang=fr\" target=\"_blank\">Code de la Nationalit\u00e9 de 1963<\/a> tel que modifi\u00e9 derni\u00e8rement en 2010. Depuis les <a href=\"http:\/\/citizenshiprightsafrica.org\/loi-n-2010-55-du-1er-decembre-2010-modifiant-certaines-dispositions-du-code-de-la-nationalite-tunisienne\/?lang=fr\" target=\"_blank\">amendements de 2010,<\/a> la loi ne pratique plus la discrimination de genre dans l\u2019acc\u00e8s \u00e0 la nationalit\u00e9.<\/p>\n<p>En 2001, la Tunisie <a href=\"http:\/\/citizenshiprightsafrica.org\/state-report-of-tunisia-to-the-crc\/?lang=fr\" target=\"_blank\">a fait part <\/a>au Comit\u00e9 des Nations Unies des droits de l\u2019enfant de ses efforts visant \u00e0 accro\u00eetre le taux d\u2019enregistrement des naissances dans le pays, afin de r\u00e9aliser le droit de chaque enfant \u00e0 une identit\u00e9. Meme si le <a href=\"http:\/\/citizenshiprightsafrica.org\/cde-observations-finales-tunisie-2010\/?lang=fr\" target=\"_blank\">CDE n&rsquo;a pas fait des recommendations specifiques <\/a>sur ce theme, le <a href=\"http:\/\/citizenshiprightsafrica.org\/cedaw-observations-finales-tunisie-2010\/?lang=fr\" target=\"_blank\">Comit\u00e9 pour l&rsquo;\u00e9limination de la discrimination \u00e0 l&rsquo;\u00e9gard des femmes<\/a> a exprim\u00e9 en 2010 sa pr\u00e9occupation par le fait que le Code de la nationalit\u00e9 n\u2019accorde pas aux femmes les m\u00eames droits qu\u2019aux hommes en ce qui concerne l\u2019acquisition ou la transmission de la nationalit\u00e9 tunisienne.\u00a0 Les modifications de d\u00e9cembre 2010 ont r\u00e9pondu \u00e0 cette pr\u00e9occupation.<\/p>\n","protected":false},"excerpt":{"rendered":"En Tunisie, la nationalit\u00e9 est r\u00e9gie par le Code de la Nationalit\u00e9 de 1963 tel que modifi\u00e9 derni\u00e8rement en 2010. Depuis les amendements de 2010, la loi ne pratique plus la discrimination de genre dans l\u2019acc\u00e8s \u00e0 la nationalit\u00e9. En 2001, la Tunisie a fait part au Comit\u00e9 des Nations Unies des droits de l\u2019enfant [&hellip;]","protected":false},"author":1,"featured_media":3725,"parent":8352,"menu_order":0,"comment_status":"closed","ping_status":"closed","template":"","meta":{"_acf_changed":false,"_monsterinsights_skip_tracking":false,"_monsterinsights_sitenote_active":false,"_monsterinsights_sitenote_note":"","_monsterinsights_sitenote_category":0,"footnotes":""},"class_list":["post-8372","page","type-page","status-publish","has-post-thumbnail","hentry"],"acf":[],"_links":{"self":[{"href":"https:\/\/citizenshiprightsafrica.org\/fr\/wp-json\/wp\/v2\/pages\/8372","targetHints":{"allow":["GET"]}}],"collection":[{"href":"https:\/\/citizenshiprightsafrica.org\/fr\/wp-json\/wp\/v2\/pages"}],"about":[{"href":"https:\/\/citizenshiprightsafrica.org\/fr\/wp-json\/wp\/v2\/types\/page"}],"author":[{"embeddable":true,"href":"https:\/\/citizenshiprightsafrica.org\/fr\/wp-json\/wp\/v2\/users\/1"}],"replies":[{"embeddable":true,"href":"https:\/\/citizenshiprightsafrica.org\/fr\/wp-json\/wp\/v2\/comments?post=8372"}],"version-history":[{"count":6,"href":"https:\/\/citizenshiprightsafrica.org\/fr\/wp-json\/wp\/v2\/pages\/8372\/revisions"}],"predecessor-version":[{"id":12004,"href":"https:\/\/citizenshiprightsafrica.org\/fr\/wp-json\/wp\/v2\/pages\/8372\/revisions\/12004"}],"up":[{"embeddable":true,"href":"https:\/\/citizenshiprightsafrica.org\/fr\/wp-json\/wp\/v2\/pages\/8352"}],"wp:featuredmedia":[{"embeddable":true,"href":"https:\/\/citizenshiprightsafrica.org\/fr\/wp-json\/wp\/v2\/media\/3725"}],"wp:attachment":[{"href":"https:\/\/citizenshiprightsafrica.org\/fr\/wp-json\/wp\/v2\/media?parent=8372"}],"curies":[{"name":"wp","href":"https:\/\/api.w.org\/{rel}","templated":true}]}}