{"id":8376,"date":"2016-06-20T12:27:33","date_gmt":"2016-06-20T12:27:33","guid":{"rendered":"http:\/\/citizenshiprightsafrica.org\/north-africa\/sahrawi-arab-democratic-republic-western-sahara\/?lang=fr"},"modified":"2019-05-21T08:54:37","modified_gmt":"2019-05-21T08:54:37","slug":"republique-arabe-sahraouie-democratique-sahara-occidental","status":"publish","type":"page","link":"https:\/\/citizenshiprightsafrica.org\/fr\/afrique-du-nord\/republique-arabe-sahraouie-democratique-sahara-occidental\/","title":{"rendered":"R\u00e9publique Arabe Sahraouie D\u00e9mocratique (Sahara Occidental)"},"content":{"rendered":"<p>La R\u00e9publique arabe sahraouie d\u00e9mocratique (RASD ou Sahara occidental) est une ancienne colonie espagnole.\u00a0 A<span class=\"tlid-translation translation\" lang=\"fr\"><span class=\"\" title=\"\">lors que les espagnols pr\u00e9paraient un r\u00e9f\u00e9rendum sur le statut de la r\u00e9gion, en pr\u00e9vision de leur d\u00e9part, <\/span><\/span>le Maroc et la Mauritanie ont affirm\u00e9 des droits sur le territoire. Le 16 octobre 1975, la Cour internationale de justice a \u00e9mis un avis consultatif <span class=\"tlid-translation translation\" lang=\"fr\"><span class=\"\" title=\"\">rejetant les revendications des deux pays<\/span><\/span>.\u00a0 Quelque jours plus tard, des troupes marocaines ont pris le contr\u00f4le de la r\u00e9gion, mais en 1976 elles accept\u00e8rent une partition avec la Mauritanie. La Mauritanie a renonc\u00e9 \u00e0 ses revendications en 1979, laissant <em>de facto<\/em> le contr\u00f4le au Maroc. <span class=\"tlid-translation translation\" lang=\"fr\"><span class=\"\" title=\"\">Le territoire reste contest\u00e9 entre le Maroc et le Front Polisario, faisant valoir ses revendications au nom du peuple sahraoui.<\/span><\/span><\/p>\n<p>En 1984, la RASD a \u00e9t\u00e9 reconnue par l\u2019Organisation de l\u2019Union africaine avec le soutien de l\u2019Alg\u00e9rie et de la Libye, ce qui a amen\u00e9 le Maroc \u00e0 quitter l\u2019organe continental. La RASD est toujours membre de l\u2019Union africaine; <span class=\"tlid-translation translation\" lang=\"fr\"><span class=\"\" title=\"\">bien que le maroc ait rejoint l&rsquo;Union en 2017<\/span><\/span>.<\/p>\n<p>Une grande proportion de la population sahraouie reste en exil, notamment dans des camps de r\u00e9fugi\u00e9s autour de Tindouf en Alg\u00e9rie. La plupart de ces r\u00e9fugi\u00e9s ne sont toujours pas int\u00e9gr\u00e9s et n\u2019ont pas acc\u00e8s \u00e0 la pleine citoyennet\u00e9. Certains r\u00e9fugi\u00e9s sont en mesure d\u2019acc\u00e9der \u00e0 des passeports \u00e9mis par la RASD, mais ceux-ci ne sont valables que pour voyager dans la poign\u00e9e de pays qui reconnaissent la RASD. Le gouvernement alg\u00e9rien offrira \u00e9galement des passeports temporaires pour voyager dans les pays qui ne reconnaissent pas la RASD dans certains cas, mais ceux-ci ne conf\u00e8rent pas les m\u00eames droits que la nationalit\u00e9.<\/p>\n<p>&nbsp;<\/p>\n","protected":false},"excerpt":{"rendered":"La R\u00e9publique arabe sahraouie d\u00e9mocratique (RASD ou Sahara occidental) est une ancienne colonie espagnole.\u00a0 Alors que les espagnols pr\u00e9paraient un r\u00e9f\u00e9rendum sur le statut de la r\u00e9gion, en pr\u00e9vision de leur d\u00e9part, le Maroc et la Mauritanie ont affirm\u00e9 des droits sur le territoire. Le 16 octobre 1975, la Cour internationale de justice a \u00e9mis [&hellip;]","protected":false},"author":1,"featured_media":3722,"parent":8352,"menu_order":0,"comment_status":"closed","ping_status":"closed","template":"","meta":{"_acf_changed":false,"_monsterinsights_skip_tracking":false,"_monsterinsights_sitenote_active":false,"_monsterinsights_sitenote_note":"","_monsterinsights_sitenote_category":0,"footnotes":""},"class_list":["post-8376","page","type-page","status-publish","has-post-thumbnail","hentry"],"acf":[],"_links":{"self":[{"href":"https:\/\/citizenshiprightsafrica.org\/fr\/wp-json\/wp\/v2\/pages\/8376","targetHints":{"allow":["GET"]}}],"collection":[{"href":"https:\/\/citizenshiprightsafrica.org\/fr\/wp-json\/wp\/v2\/pages"}],"about":[{"href":"https:\/\/citizenshiprightsafrica.org\/fr\/wp-json\/wp\/v2\/types\/page"}],"author":[{"embeddable":true,"href":"https:\/\/citizenshiprightsafrica.org\/fr\/wp-json\/wp\/v2\/users\/1"}],"replies":[{"embeddable":true,"href":"https:\/\/citizenshiprightsafrica.org\/fr\/wp-json\/wp\/v2\/comments?post=8376"}],"version-history":[{"count":6,"href":"https:\/\/citizenshiprightsafrica.org\/fr\/wp-json\/wp\/v2\/pages\/8376\/revisions"}],"predecessor-version":[{"id":22576,"href":"https:\/\/citizenshiprightsafrica.org\/fr\/wp-json\/wp\/v2\/pages\/8376\/revisions\/22576"}],"up":[{"embeddable":true,"href":"https:\/\/citizenshiprightsafrica.org\/fr\/wp-json\/wp\/v2\/pages\/8352"}],"wp:featuredmedia":[{"embeddable":true,"href":"https:\/\/citizenshiprightsafrica.org\/fr\/wp-json\/wp\/v2\/media\/3722"}],"wp:attachment":[{"href":"https:\/\/citizenshiprightsafrica.org\/fr\/wp-json\/wp\/v2\/media?parent=8376"}],"curies":[{"name":"wp","href":"https:\/\/api.w.org\/{rel}","templated":true}]}}