{"id":8381,"date":"2016-06-20T12:27:33","date_gmt":"2016-06-20T12:27:33","guid":{"rendered":"http:\/\/citizenshiprightsafrica.org\/southern-africa\/south-africa\/?lang=fr"},"modified":"2019-11-29T12:07:53","modified_gmt":"2019-11-29T12:07:53","slug":"afrique-du-sud-2","status":"publish","type":"page","link":"https:\/\/citizenshiprightsafrica.org\/fr\/afrique-australe\/afrique-du-sud-2\/","title":{"rendered":"Afrique du Sud"},"content":{"rendered":"<p>L\u2019Afrique du Sud est l\u2019un des rares pays africains \u00e0 avoir inscrit le droit de tout enfant \u00e0 une nationalit\u00e9, dans sa Constitution de 1996. La nationalit\u00e9 sud-africaine est r\u00e9gie au niveau l\u00e9gislatif par la loi dite <em>South African Citizenship Act No. 88 <\/em>de 1995, telle que modifi\u00e9e en dernier lieu en 2010.<\/p>\n<p>La loi pr\u00e9voit que les m\u00e8res et les p\u00e8res ont des droits \u00e9gaux pour transmettre la nationalit\u00e9 \u00e0 leurs enfants et \u00e0 leur conjoint. La loi pr\u00e9voit \u00e9galement qu&rsquo;un enfant n\u00e9 en Afrique du Sud est attribu\u00e9 la nationalit\u00e9 sud-africaine \u00e0 sa naissance s&rsquo;il \u00ab\u00a0n&rsquo;a pas la nationalit\u00e9 d&rsquo;un autre pays, ou n&rsquo;a pas droit \u00e0 acqu\u00e9rir une nationalit\u00e9\u00a0\u00bb, sous condition de l&rsquo;enregistrement de la naissance conform\u00e9ment \u00e0 la <em>Births and Deaths Registration Act<\/em>. La loi ne pr\u00e9voit toutefois pas la pr\u00e9somption de nationalit\u00e9 pour les enfants de parents inconnus trouv\u00e9s sur le territoire.<\/p>\n<p>Jusqu&rsquo;en 2010, la loi pr\u00e9voyait que la nationalit\u00e9 \u00e9tait attribu\u00e9e \u00e0 la naissance aux enfants n\u00e9s en Afrique du Sud de parents ayant le statut de r\u00e9sidents permanents ; depuis 2010, la loi ne permettait qu&rsquo;\u00e0 un enfant n\u00e9 en Afrique du Sud d&rsquo;acqu\u00e9rir la citoyennet\u00e9 \u00e0 la majorit\u00e9, sous certaines conditions, dont l&rsquo;enregistrement de la naissance.<\/p>\n<p>Dans la pratique, les enfants n\u00e9s en Afrique du Sud qui n&rsquo;acqui\u00e8rent pas la nationalit\u00e9 de l&rsquo;un de leurs parents \u00e0 la naissance ont eu du mal \u00e0 obtenir reconnaissance de la nationalit\u00e9 sud-africaine. Dans d&rsquo;autres cas, les parents sud-africains sans papiers d&rsquo;identit\u00e9 peuvent ne pas \u00eatre en mesure d&rsquo;enregistrer la naissance de leurs enfants, ce qui risque de les emp\u00eacher d&rsquo;affirmer leur nationalit\u00e9 et les rendres apatrides.<\/p>\n","protected":false},"excerpt":{"rendered":"L\u2019Afrique du Sud est l\u2019un des rares pays africains \u00e0 avoir inscrit le droit de tout enfant \u00e0 une nationalit\u00e9, dans sa Constitution de 1996. La nationalit\u00e9 sud-africaine est r\u00e9gie au niveau l\u00e9gislatif par la loi dite South African Citizenship Act No. 88 de 1995, telle que modifi\u00e9e en dernier lieu en 2010. La loi [&hellip;]","protected":false},"author":1,"featured_media":3746,"parent":8350,"menu_order":0,"comment_status":"closed","ping_status":"closed","template":"","meta":{"_acf_changed":false,"_monsterinsights_skip_tracking":false,"_monsterinsights_sitenote_active":false,"_monsterinsights_sitenote_note":"","_monsterinsights_sitenote_category":0,"footnotes":""},"class_list":["post-8381","page","type-page","status-publish","has-post-thumbnail","hentry"],"acf":[],"_links":{"self":[{"href":"https:\/\/citizenshiprightsafrica.org\/fr\/wp-json\/wp\/v2\/pages\/8381","targetHints":{"allow":["GET"]}}],"collection":[{"href":"https:\/\/citizenshiprightsafrica.org\/fr\/wp-json\/wp\/v2\/pages"}],"about":[{"href":"https:\/\/citizenshiprightsafrica.org\/fr\/wp-json\/wp\/v2\/types\/page"}],"author":[{"embeddable":true,"href":"https:\/\/citizenshiprightsafrica.org\/fr\/wp-json\/wp\/v2\/users\/1"}],"replies":[{"embeddable":true,"href":"https:\/\/citizenshiprightsafrica.org\/fr\/wp-json\/wp\/v2\/comments?post=8381"}],"version-history":[{"count":8,"href":"https:\/\/citizenshiprightsafrica.org\/fr\/wp-json\/wp\/v2\/pages\/8381\/revisions"}],"predecessor-version":[{"id":25355,"href":"https:\/\/citizenshiprightsafrica.org\/fr\/wp-json\/wp\/v2\/pages\/8381\/revisions\/25355"}],"up":[{"embeddable":true,"href":"https:\/\/citizenshiprightsafrica.org\/fr\/wp-json\/wp\/v2\/pages\/8350"}],"wp:featuredmedia":[{"embeddable":true,"href":"https:\/\/citizenshiprightsafrica.org\/fr\/wp-json\/wp\/v2\/media\/3746"}],"wp:attachment":[{"href":"https:\/\/citizenshiprightsafrica.org\/fr\/wp-json\/wp\/v2\/media?parent=8381"}],"curies":[{"name":"wp","href":"https:\/\/api.w.org\/{rel}","templated":true}]}}