{"id":8386,"date":"2016-06-20T12:27:33","date_gmt":"2016-06-20T12:27:33","guid":{"rendered":"http:\/\/citizenshiprightsafrica.org\/southern-africa\/zimbabwe\/?lang=fr"},"modified":"2021-07-19T19:25:17","modified_gmt":"2021-07-19T19:25:17","slug":"zimbabwe","status":"publish","type":"page","link":"https:\/\/citizenshiprightsafrica.org\/fr\/afrique-australe\/zimbabwe\/","title":{"rendered":"Zimbabwe"},"content":{"rendered":"<p>Le code de la nationalit\u00e9 a \u00e9t\u00e9 controvers\u00e9 au Zimbabwe depuis que le pays a acc\u00e9d\u00e9 \u00e0 l\u2018ind\u00e9pendance en 1980. Plus particuli\u00e8rement, le droit \u00e0 la nationalit\u00e9 zimbabw\u00e9enne de ceux qui ont potentiellement acc\u00e8s \u00e0 une autre nationalit\u00e9 a fait l\u2019objet de plusieurs changements de politique, avec plusieurs amendements aux dispositions constitutionnelles et code de la nationalit\u00e9.<\/p>\n<p>En 2013, une <a href=\"http:\/\/citizenshiprightsafrica.org\/constitution-of-zimbabwe-amendment-no-20-act-2013\/?lang=fr\" target=\"_blank\" rel=\"noopener noreferrer\">nouvelle Constitution<\/a> a \u00e9t\u00e9 adopt\u00e9e, supprimant l\u2019interdiction de la double nationalit\u00e9 pour ceux qui ont acquis plus d\u2019une nationalit\u00e9 d\u2019origine. Cependant, le <a href=\"http:\/\/citizenshiprightsafrica.org\/citizenship-of-zimbabwe-act-no-23-of-1984-as-amended-to-2003\/?lang=fr\" target=\"_blank\" rel=\"noopener noreferrer\">Citizenship Act de 1984<\/a>, modifi\u00e9 derni\u00e8rement en 2003, reste en vigueur et n\u2019a pas encore \u00e9t\u00e9 remplac\u00e9 afin d\u2019\u00eatre mis en conformit\u00e9 avec les dispositions constitutionnelles.<\/p>\n<p>Le Zimbabwe, autrefois connu sous le nom de Rhod\u00e9sie du Sud, a adopt\u00e9 son premier code de la nationalit\u00e9 en 1949, suspendu pendant les dix ans qu\u2019a dur\u00e9 la Central African Federation, regroupant la Rhod\u00e9sie du Sud, la Rhod\u00e9sie du Nord (Zambie) et le Nyassaland (Malawi), Cette loi a \u00e9t\u00e9 remplac\u00e9 en 1963. Les dispositions concernant la nationalit\u00e9 de la premi\u00e8re constitution sous l\u2019ind\u00e9pendance de 1979, n\u00e9goci\u00e9e sous supervision britannique, ont \u00e9t\u00e9 fa\u00e7onn\u00e9es selon ces lois.<\/p>\n<p>La constitution de 1979 avait initialement autoris\u00e9 la double nationalit\u00e9. Elle a \u00e9t\u00e9 modifi\u00e9e en 1983 pour interdire la double nationalit\u00e9 et le code de la nationalit\u00e9 de 1984 exigeait que les \u00a0personnes ayant une double nationalit\u00e9 y renoncent avant fin 1985 ou perdent leur nationalit\u00e9 zimbabw\u00e9enne. Les amendements de 2001 au code de la nationalit\u00e9, adopt\u00e9s suite au succ\u00e8s du Mouvement pour le changement d\u00e9mocratique (MDC) qui avait fait campagne pour le rejet de la proposition de r\u00e9vision de la constitution, pr\u00e9voyaient que ceux qui avaient pr\u00e9tendu renoncer \u00e0 une nationalit\u00e9 \u00e9trang\u00e8re, mais qui ne l\u2019avaient pas fait, perdraient leur nationalit\u00e9 s\u2019ils ne le faisaient pas dans les six mois. Ces <a href=\"http:\/\/citizenshiprightsafrica.org\/identity-citizenship-and-the-registrar-general-the-politicking-of-identity-in-zimbabwe\/?lang=fr\" target=\"_blank\" rel=\"noopener noreferrer\">r\u00e8gles ont \u00e9t\u00e9 manipul\u00e9es<\/a> pour retirer la nationalit\u00e9 des personnes ayant un droit suppos\u00e9 \u00e0 une autre nationalit\u00e9 et pour les retirer de la liste des \u00e9lecteurs.<\/p>\n<p>La discrimination fond\u00e9e sur le sexe a \u00e9t\u00e9 <a href=\"http:\/\/citizenshiprightsafrica.org\/gender-citizenship-and-constitutionalism-in-zimbabwe-the-fight-against-amendment-14\/?lang=fr\" target=\"_blank\" rel=\"noopener noreferrer\">supprim\u00e9e en 1996<\/a>, mais dans le m\u00eames temps, des dispositions accordant certains droits \u00e0 la nationalit\u00e9 bas\u00e9e sur la naissance au Zimbabwe ont \u00e9galement \u00e9t\u00e9 enlev\u00e9es. En 2009, <a href=\"http:\/\/citizenshiprightsafrica.org\/constitution-of-zimbabwe-amendment-no19-act-2009\/?lang=fr\" target=\"_blank\" rel=\"noopener noreferrer\">un amendement constitutionnel<\/a> permettant l\u2019installation d\u2019un gouvernement d\u2019unit\u00e9 nationale a \u00e9galement r\u00e9vis\u00e9 les dispositions relatives \u00e0 la nationalit\u00e9, supprimant les restrictions sur la transmission de la nationalit\u00e9 aux enfants n\u00e9s en dehors du pays et \u00e9largissant dans certaines circonstances les droits de personnes ayant un grand-parent ressortissant. La plupart de ces amendements ont \u00e9t\u00e9 confirm\u00e9s dans la Constitution de 2013.<\/p>\n","protected":false},"excerpt":{"rendered":"Le code de la nationalit\u00e9 a \u00e9t\u00e9 controvers\u00e9 au Zimbabwe depuis que le pays a acc\u00e9d\u00e9 \u00e0 l\u2018ind\u00e9pendance en 1980. Plus particuli\u00e8rement, le droit \u00e0 la nationalit\u00e9 zimbabw\u00e9enne de ceux qui ont potentiellement acc\u00e8s \u00e0 une autre nationalit\u00e9 a fait l\u2019objet de plusieurs changements de politique, avec plusieurs amendements aux dispositions constitutionnelles et code de [&hellip;]","protected":false},"author":1,"featured_media":3755,"parent":8350,"menu_order":0,"comment_status":"closed","ping_status":"closed","template":"","meta":{"_acf_changed":false,"_monsterinsights_skip_tracking":false,"_monsterinsights_sitenote_active":false,"_monsterinsights_sitenote_note":"","_monsterinsights_sitenote_category":0,"footnotes":""},"class_list":["post-8386","page","type-page","status-publish","has-post-thumbnail","hentry"],"acf":[],"_links":{"self":[{"href":"https:\/\/citizenshiprightsafrica.org\/fr\/wp-json\/wp\/v2\/pages\/8386","targetHints":{"allow":["GET"]}}],"collection":[{"href":"https:\/\/citizenshiprightsafrica.org\/fr\/wp-json\/wp\/v2\/pages"}],"about":[{"href":"https:\/\/citizenshiprightsafrica.org\/fr\/wp-json\/wp\/v2\/types\/page"}],"author":[{"embeddable":true,"href":"https:\/\/citizenshiprightsafrica.org\/fr\/wp-json\/wp\/v2\/users\/1"}],"replies":[{"embeddable":true,"href":"https:\/\/citizenshiprightsafrica.org\/fr\/wp-json\/wp\/v2\/comments?post=8386"}],"version-history":[{"count":7,"href":"https:\/\/citizenshiprightsafrica.org\/fr\/wp-json\/wp\/v2\/pages\/8386\/revisions"}],"predecessor-version":[{"id":32373,"href":"https:\/\/citizenshiprightsafrica.org\/fr\/wp-json\/wp\/v2\/pages\/8386\/revisions\/32373"}],"up":[{"embeddable":true,"href":"https:\/\/citizenshiprightsafrica.org\/fr\/wp-json\/wp\/v2\/pages\/8350"}],"wp:featuredmedia":[{"embeddable":true,"href":"https:\/\/citizenshiprightsafrica.org\/fr\/wp-json\/wp\/v2\/media\/3755"}],"wp:attachment":[{"href":"https:\/\/citizenshiprightsafrica.org\/fr\/wp-json\/wp\/v2\/media?parent=8386"}],"curies":[{"name":"wp","href":"https:\/\/api.w.org\/{rel}","templated":true}]}}