{"id":8387,"date":"2016-06-20T12:27:31","date_gmt":"2016-06-20T12:27:31","guid":{"rendered":"http:\/\/citizenshiprightsafrica.org\/east-africa\/madagascar\/?lang=fr"},"modified":"2022-06-30T14:49:37","modified_gmt":"2022-06-30T14:49:37","slug":"madagascar","status":"publish","type":"page","link":"https:\/\/citizenshiprightsafrica.org\/fr\/afrique-de-l-est\/madagascar\/","title":{"rendered":"Madagascar"},"content":{"rendered":"<p>A Madagascar, la nationalit\u00e9 est r\u00e9gie par l\u2019<a href=\"http:\/\/citizenshiprightsafrica.org\/ordonnance-n-60-064-du-22-juillet-1960-portant-code-de-la-nationalite-malgache-tel-que-modifie-2017\/?lang=fr\">Ordonnance de 1960 Portant Code de la nationalit\u00e9 Malgache<\/a>, telle que modifi\u00e9e \u00e0 plusieurs reprises &#8211; le plus recemment en <a href=\"http:\/\/citizenshiprightsafrica.org\/loi-n2016-038-modifiant-et-completant-certaines-dispositions-de-lordonnance-n-60-064-du-22-juillet-1960-portant-code-de-la-nationalite-malagasy\/?lang=fr\">2017.<\/a><\/p>\n<p>Depuis 2017, l&rsquo;article 9 du code de la nationalit\u00e9 pr\u00e9voit que les femmes et les hommes ont des droits \u00e9gaux pour transmettre la nationalit\u00e9 \u00e0 leurs enfants. Cependant, l&rsquo;article 16 continue de pr\u00e9voir que l&rsquo;enfant d&rsquo;une femme malgache et de son mari \u00e9tranger puisse revendiquer la nationalit\u00e9 \u00e0 la majorit\u00e9, avec des proc\u00e9dures suppl\u00e9mentaires s&rsquo;il est n\u00e9 hors mariage ; tandis que l&rsquo;article 20 \u00e9tablit \u00e9galement une discrimination \u00e0 l&rsquo;\u00e9gard des enfants adopt\u00e9s si un seul des parents est malgache. De plus, une femme mari\u00e9e \u00e0 un homme malgache peut acqu\u00e9rir la nationalit\u00e9 sur demande, tandis qu&rsquo;un homme mari\u00e9 \u00e0 une femme malgache n&rsquo;a pas de droits suppl\u00e9mentaires fond\u00e9s sur le mariage (article 22).<\/p>\n<p>Les dispositions relatives aux enfants de parents inconnus sont discriminatoires sur la base de l&rsquo;appartenance ethnique. Au lieu du principe de droit international selon lequel un enfant trouv\u00e9 sur le territoire de parents et de lieu de naissance inconnus doit \u00eatre pr\u00e9sum\u00e9 ressortissant, le code de la nationalit\u00e9 malgache stipule que ce n&rsquo;est le cas que si au moins l&rsquo;un des parents peut \u00eatre pr\u00e9sum\u00e9 malgache, fond\u00e9e sur le nom et l&rsquo;apparence physique (article 11).<\/p>\n<p>En 2022, le <a href=\"http:\/\/citizenshiprightsafrica.org\/crc-concluding-observations-madagascar-2022\/?lang=fr\" target=\"_blank\" rel=\"noopener\">Comit\u00e9 des droits de l&rsquo;enfant des Nations Unies<\/a> a salu\u00e9 les r\u00e9centes r\u00e9formes du code de la nationalit\u00e9, mais a not\u00e9 des inqui\u00e9tudes concernant la tendance \u00e0 la baisse des taux d&rsquo;enregistrement des naissances et le manque de protection contre l&rsquo;apatridie pour les enfants n\u00e9s sur le territoire.<\/p>\n<p>Des inqui\u00e9tudes ont \u00e9t\u00e9 exprim\u00e9es quant au fait que de nombreux membres de la <a href=\"http:\/\/citizenshiprightsafrica.org\/this-is-our-home-stateless-minorities-and-their-search-for-citizenship\/?lang=fr\" target=\"_blank\" rel=\"noopener\">minorit\u00e9 Karana<\/a> d&rsquo;origine sud-asiatique sont apatrides.<\/p>\n","protected":false},"excerpt":{"rendered":"A Madagascar, la nationalit\u00e9 est r\u00e9gie par l\u2019Ordonnance de 1960 Portant Code de la nationalit\u00e9 Malgache, telle que modifi\u00e9e \u00e0 plusieurs reprises &#8211; le plus recemment en 2017. Depuis 2017, l&rsquo;article 9 du code de la nationalit\u00e9 pr\u00e9voit que les femmes et les hommes ont des droits \u00e9gaux pour transmettre la nationalit\u00e9 \u00e0 leurs enfants. [&hellip;]","protected":false},"author":1,"featured_media":3685,"parent":8349,"menu_order":0,"comment_status":"closed","ping_status":"closed","template":"","meta":{"_acf_changed":false,"_monsterinsights_skip_tracking":false,"_monsterinsights_sitenote_active":false,"_monsterinsights_sitenote_note":"","_monsterinsights_sitenote_category":0,"footnotes":""},"class_list":["post-8387","page","type-page","status-publish","has-post-thumbnail","hentry"],"acf":[],"_links":{"self":[{"href":"https:\/\/citizenshiprightsafrica.org\/fr\/wp-json\/wp\/v2\/pages\/8387","targetHints":{"allow":["GET"]}}],"collection":[{"href":"https:\/\/citizenshiprightsafrica.org\/fr\/wp-json\/wp\/v2\/pages"}],"about":[{"href":"https:\/\/citizenshiprightsafrica.org\/fr\/wp-json\/wp\/v2\/types\/page"}],"author":[{"embeddable":true,"href":"https:\/\/citizenshiprightsafrica.org\/fr\/wp-json\/wp\/v2\/users\/1"}],"replies":[{"embeddable":true,"href":"https:\/\/citizenshiprightsafrica.org\/fr\/wp-json\/wp\/v2\/comments?post=8387"}],"version-history":[{"count":8,"href":"https:\/\/citizenshiprightsafrica.org\/fr\/wp-json\/wp\/v2\/pages\/8387\/revisions"}],"predecessor-version":[{"id":36186,"href":"https:\/\/citizenshiprightsafrica.org\/fr\/wp-json\/wp\/v2\/pages\/8387\/revisions\/36186"}],"up":[{"embeddable":true,"href":"https:\/\/citizenshiprightsafrica.org\/fr\/wp-json\/wp\/v2\/pages\/8349"}],"wp:featuredmedia":[{"embeddable":true,"href":"https:\/\/citizenshiprightsafrica.org\/fr\/wp-json\/wp\/v2\/media\/3685"}],"wp:attachment":[{"href":"https:\/\/citizenshiprightsafrica.org\/fr\/wp-json\/wp\/v2\/media?parent=8387"}],"curies":[{"name":"wp","href":"https:\/\/api.w.org\/{rel}","templated":true}]}}