{"id":8388,"date":"2016-06-20T12:27:31","date_gmt":"2016-06-20T12:27:31","guid":{"rendered":"http:\/\/citizenshiprightsafrica.org\/east-africa\/mauritius\/?lang=fr"},"modified":"2017-02-05T18:52:51","modified_gmt":"2017-02-05T18:52:51","slug":"ile-maurice","status":"publish","type":"page","link":"https:\/\/citizenshiprightsafrica.org\/fr\/afrique-de-l-est\/ile-maurice\/","title":{"rendered":"Ile Maurice"},"content":{"rendered":"<p>La nationalit\u00e9 \u00e0 Maurice est r\u00e9gie par la <a href=\"http:\/\/citizenshiprightsafrica.org\/mauritius-constitution-1968-as-amended-to-2001\/?lang=fr\" target=\"_blank\">Constitution de 1968<\/a> et le <a href=\"http:\/\/citizenshiprightsafrica.org\/mauritius-citizenship-act-1968-as-amended-1995\/?lang=fr\" target=\"_blank\">Code de la nationalit\u00e9 de 1968<\/a>, tel que modifi\u00e9 \u00e0 plusieurs reprises. Les principaux amendements ont eu lieu en <a href=\"http:\/\/citizenshiprightsafrica.org\/constitution-of-mauritius-amendment-act-and-mauritius-citizenship-amendment-act-1995\/?lang=fr\" target=\"_blank\">1995<\/a>, pour \u00e9liminer la discrimination de genre. Dans le m\u00eame temps, la loi a \u00e9galement supprim\u00e9 tous les droits bas\u00e9s sur la naissance \u00e0 Maurice, instaurant ainsi un r\u00e9gime purement bas\u00e9 sur la filiation.<\/p>\n<p>En 2006, le <a href=\"http:\/\/citizenshiprightsafrica.org\/crc-concluding-observations-mauritius-2006\/?lang=fr\" target=\"_blank\">Comit\u00e9 des Nations Unies des droits de l\u2019enfant<\/a> a not\u00e9 que des progr\u00e8s avaient \u00e9t\u00e9 r\u00e9alis\u00e9s dans l\u2019am\u00e9lioration des droits des enfants \u00e0 Maurice, mais a fait part de sa pr\u00e9occupation devant le manque d\u2019enregistrement complet. Le Comit\u00e9 a notamment exprim\u00e9 son inqui\u00e9tude face \u00e0 la lenteur et la lourdeur des proc\u00e9dures d\u2019enregistrement.<\/p>\n","protected":false},"excerpt":{"rendered":"La nationalit\u00e9 \u00e0 Maurice est r\u00e9gie par la Constitution de 1968 et le Code de la nationalit\u00e9 de 1968, tel que modifi\u00e9 \u00e0 plusieurs reprises. Les principaux amendements ont eu lieu en 1995, pour \u00e9liminer la discrimination de genre. Dans le m\u00eame temps, la loi a \u00e9galement supprim\u00e9 tous les droits bas\u00e9s sur la naissance [&hellip;]","protected":false},"author":1,"featured_media":3688,"parent":8349,"menu_order":0,"comment_status":"closed","ping_status":"closed","template":"","meta":{"_acf_changed":false,"_monsterinsights_skip_tracking":false,"_monsterinsights_sitenote_active":false,"_monsterinsights_sitenote_note":"","_monsterinsights_sitenote_category":0,"footnotes":""},"class_list":["post-8388","page","type-page","status-publish","has-post-thumbnail","hentry"],"acf":[],"_links":{"self":[{"href":"https:\/\/citizenshiprightsafrica.org\/fr\/wp-json\/wp\/v2\/pages\/8388","targetHints":{"allow":["GET"]}}],"collection":[{"href":"https:\/\/citizenshiprightsafrica.org\/fr\/wp-json\/wp\/v2\/pages"}],"about":[{"href":"https:\/\/citizenshiprightsafrica.org\/fr\/wp-json\/wp\/v2\/types\/page"}],"author":[{"embeddable":true,"href":"https:\/\/citizenshiprightsafrica.org\/fr\/wp-json\/wp\/v2\/users\/1"}],"replies":[{"embeddable":true,"href":"https:\/\/citizenshiprightsafrica.org\/fr\/wp-json\/wp\/v2\/comments?post=8388"}],"version-history":[{"count":4,"href":"https:\/\/citizenshiprightsafrica.org\/fr\/wp-json\/wp\/v2\/pages\/8388\/revisions"}],"predecessor-version":[{"id":11801,"href":"https:\/\/citizenshiprightsafrica.org\/fr\/wp-json\/wp\/v2\/pages\/8388\/revisions\/11801"}],"up":[{"embeddable":true,"href":"https:\/\/citizenshiprightsafrica.org\/fr\/wp-json\/wp\/v2\/pages\/8349"}],"wp:featuredmedia":[{"embeddable":true,"href":"https:\/\/citizenshiprightsafrica.org\/fr\/wp-json\/wp\/v2\/media\/3688"}],"wp:attachment":[{"href":"https:\/\/citizenshiprightsafrica.org\/fr\/wp-json\/wp\/v2\/media?parent=8388"}],"curies":[{"name":"wp","href":"https:\/\/api.w.org\/{rel}","templated":true}]}}