{"id":8389,"date":"2016-06-20T12:27:31","date_gmt":"2016-06-20T12:27:31","guid":{"rendered":"http:\/\/citizenshiprightsafrica.org\/east-africa\/rwanda\/?lang=fr"},"modified":"2023-03-27T08:11:32","modified_gmt":"2023-03-27T08:11:32","slug":"rwanda","status":"publish","type":"page","link":"https:\/\/citizenshiprightsafrica.org\/fr\/afrique-de-l-est\/rwanda\/","title":{"rendered":"Rwanda"},"content":{"rendered":"<p>La nationalit\u00e9 rwandaise est r\u00e9gie par la<a href=\"http:\/\/citizenshiprightsafrica.org\/organic-law-n-002-2021-ol-of-16-07-2021-governing-rwandan-nationality\/?lang=fr\" target=\"_blank\" rel=\"noopener noreferrer\"> loi organique n\u00b0002\/2021.OL du 16\/07\/2021<\/a> et par la <a href=\"http:\/\/citizenshiprightsafrica.org\/constitution-of-rwanda-2003-revised-2015\/?lang=fr\" target=\"_blank\" rel=\"noopener noreferrer\">Constitution de 2003 telle que r\u00e9vis\u00e9e en 2015<\/a>.<\/p>\n<p>La constitution pr\u00e9voit que \u201cTout Rwandais a droit \u00e0 la nationalit\u00e9 rwandaise\u201c, et que \u201cToutes les\u00a0 personnes d\u2019origine\u00a0 rwandaise et leurs descendants ont le droit d\u2019acqu\u00e9rir la nationalit\u00e9\u00a0 rwandaise, s\u2019ils le demandent.\u201d La loi organique r\u00e9gissant la nationalit\u00e9 de 2021, qui a remplac\u00e9 la <a href=\"http:\/\/citizenshiprightsafrica.org\/organic-law-n-302008-of-25072008-relating-to-rwandan-nationality\/?lang=fr\" target=\"_blank\" rel=\"noopener noreferrer\">loi organique n\u00b0 30\/2008 du 25\/07\/2008,<\/a> restreint la nationalit\u00e9 \u00ab par origine \u00bb aux personnes d&rsquo;ascendance rwandaise. Il stipule \u00e9galement que toute personne doit \u00ab demander \u00bb la nationalit\u00e9, en lieu et place des dispositions ant\u00e9rieures qui pr\u00e9voyaient l&rsquo;attribution de la nationalit\u00e9 \u00e0 la naissance de plein droit.<\/p>\n<p>Une personne \u00e9ligible pour la demande de la nationalit\u00e9 rwandaise d&rsquo;origine doit \u201c\u00eatre n\u00e9e d\u2019au moins un des parents qui est Rwandais, non pas par acquisition mais par ascendance rwandaise\u201d. Cette disposition a remplac\u00e9 la r\u00e8gle pr\u00e9c\u00e9dente selon laquelle un enfant se voyait automatiquement attribuer la nationalit\u00e9 rwandaise \u00e0 la naissance si l&rsquo;un des parents \u00e9tait rwandais, sans distinction si les parents \u00e9taient mari\u00e9s ou non, ou de sexe du parent, \u200b\u200bou si le parent d\u00e9tenait la nationalit\u00e9 par filiation ou par acquisition.<\/p>\n<p>Pour ceux qui ne sont pas des ressortissants rwandais \u00ab d&rsquo;origine \u00bb, il existe onze motifs distincts pour demander ou accorder la nationalit\u00e9 rwandaise par acquisition : (1) \u00eatre n\u00e9 sur le territoire du Rwanda ; (2) enfant trouv\u00e9\u00a0; (3) mariage; (4) adoption; (5) int\u00e9r\u00eat national; (6) comp\u00e9tences sp\u00e9ciales ou un talents special ; (7) des investissements ou des activit\u00e9s importants durables; (8) r\u00e9sider au Rwanda ; (9) honneur; (10) \u00eatre un immigrant; (11) l&rsquo;apatridie.<\/p>\n<p>Alors que la loi pr\u00e9c\u00e9dente pr\u00e9voyait l&rsquo;attribution de la nationalit\u00e9 aux enfants n\u00e9s sur le territoire de parents inconnus ou apatrides, ou qui n&rsquo;ont pu acqu\u00e9rir la nationalit\u00e9 de l&rsquo;un de leurs parents, et que les nourrissons abandonn\u00e9s sont pr\u00e9sum\u00e9s n\u00e9s au Rwanda, la loi de 2021 ne pr\u00e9voit que qu&rsquo;un enfant trouv\u00e9 sur le territoire de parents inconnus peut demander la nationalit\u00e9 par acquisition.<\/p>\n<p>Une personne n\u00e9e au Rwanda de parents \u00e9trangers qui r\u00e9sidaient l\u00e9galement au Rwanda au moment de sa naissance peut demander la nationalit\u00e9 \u00e0 la majorit\u00e9. Un adulte peut \u00e9galement demander la nationalit\u00e9 rwandaise sur la base d&rsquo;au moins 15 ans de r\u00e9sidence l\u00e9gale au Rwanda (une augmentation par rapport aux cinq ans auparavant requis), tandis qu&rsquo;une disposition distincte pr\u00e9voit qu&rsquo;une personne peut demander la nationalit\u00e9 au motif qu&rsquo;il ou elle a \u00ab immigr\u00e9\u00a0 au\u00a0 Rwanda\u00a0 pour\u00a0 des raisons sociales, politiques ou \u00e9conomiques \u00bb (ou est la descendante d&rsquo;une telle personne) et a r\u00e9sid\u00e9 au moins 25 ans, et a \u00ab perdu le lien avec son pays \u00bb. Le mari ou la femme d&rsquo;un ressortissant rwandais peut demander la nationalit\u00e9 apr\u00e8s cinq ans de mariage. Dans tous ces cas, les conditions suppl\u00e9mentaires comprennent une bonne conduite, une connaissance de la culture et des traditions rwandaises, des moyens suffisants et ne pas constituer une menace pour la s\u00e9curit\u00e9 nationale.<\/p>\n<p>Alors que la loi de 2021 n&rsquo;inclut pas la disposition pr\u00e9c\u00e9dente sur l&rsquo;attribution de la nationalit\u00e9 aux enfants n\u00e9s au Rwanda qui seraient autrement apatrides, elle introduit une nouvelle disposition pour l&rsquo;acquisition de la nationalit\u00e9 en raison de l&rsquo;apatridie. Outre la condition d&rsquo;apatridie, la seule condition est que la personne ne constitue pas une menace pour la s\u00e9curit\u00e9 nationale. En outre, la loi pr\u00e9voit l&rsquo;octroi de la nationalit\u00e9 sur la base de diverses formes de contribution sp\u00e9ciale au Rwanda, sous r\u00e9serve de conditions de bonne conduite et ne constituant pas une menace pour la s\u00e9curit\u00e9 nationale.<\/p>\n<p>La double nationalit\u00e9 est autoris\u00e9e au Rwanda dans la plupart des cas depuis 2003.<\/p>\n","protected":false},"excerpt":{"rendered":"La nationalit\u00e9 rwandaise est r\u00e9gie par la loi organique n\u00b0002\/2021.OL du 16\/07\/2021 et par la Constitution de 2003 telle que r\u00e9vis\u00e9e en 2015. La constitution pr\u00e9voit que \u201cTout Rwandais a droit \u00e0 la nationalit\u00e9 rwandaise\u201c, et que \u201cToutes les\u00a0 personnes d\u2019origine\u00a0 rwandaise et leurs descendants ont le droit d\u2019acqu\u00e9rir la nationalit\u00e9\u00a0 rwandaise, s\u2019ils le demandent.\u201d [&hellip;]","protected":false},"author":1,"featured_media":3690,"parent":8349,"menu_order":0,"comment_status":"closed","ping_status":"closed","template":"","meta":{"_acf_changed":false,"_monsterinsights_skip_tracking":false,"_monsterinsights_sitenote_active":false,"_monsterinsights_sitenote_note":"","_monsterinsights_sitenote_category":0,"footnotes":""},"class_list":["post-8389","page","type-page","status-publish","has-post-thumbnail","hentry"],"acf":[],"_links":{"self":[{"href":"https:\/\/citizenshiprightsafrica.org\/fr\/wp-json\/wp\/v2\/pages\/8389","targetHints":{"allow":["GET"]}}],"collection":[{"href":"https:\/\/citizenshiprightsafrica.org\/fr\/wp-json\/wp\/v2\/pages"}],"about":[{"href":"https:\/\/citizenshiprightsafrica.org\/fr\/wp-json\/wp\/v2\/types\/page"}],"author":[{"embeddable":true,"href":"https:\/\/citizenshiprightsafrica.org\/fr\/wp-json\/wp\/v2\/users\/1"}],"replies":[{"embeddable":true,"href":"https:\/\/citizenshiprightsafrica.org\/fr\/wp-json\/wp\/v2\/comments?post=8389"}],"version-history":[{"count":6,"href":"https:\/\/citizenshiprightsafrica.org\/fr\/wp-json\/wp\/v2\/pages\/8389\/revisions"}],"predecessor-version":[{"id":37962,"href":"https:\/\/citizenshiprightsafrica.org\/fr\/wp-json\/wp\/v2\/pages\/8389\/revisions\/37962"}],"up":[{"embeddable":true,"href":"https:\/\/citizenshiprightsafrica.org\/fr\/wp-json\/wp\/v2\/pages\/8349"}],"wp:featuredmedia":[{"embeddable":true,"href":"https:\/\/citizenshiprightsafrica.org\/fr\/wp-json\/wp\/v2\/media\/3690"}],"wp:attachment":[{"href":"https:\/\/citizenshiprightsafrica.org\/fr\/wp-json\/wp\/v2\/media?parent=8389"}],"curies":[{"name":"wp","href":"https:\/\/api.w.org\/{rel}","templated":true}]}}