{"id":8401,"date":"2016-06-20T12:27:31","date_gmt":"2016-06-20T12:27:31","guid":{"rendered":"http:\/\/citizenshiprightsafrica.org\/north-africa\/algeria\/?lang=fr"},"modified":"2022-03-28T20:38:40","modified_gmt":"2022-03-28T20:38:40","slug":"algerie","status":"publish","type":"page","link":"https:\/\/citizenshiprightsafrica.org\/fr\/afrique-du-nord\/algerie\/","title":{"rendered":"Alg\u00e9rie"},"content":{"rendered":"<p>La question de savoir qui est devenu alg\u00e9rien \u00e0 l\u2019ind\u00e9pendance a \u00e9t\u00e9 particuli\u00e8rement controvers\u00e9e, en comparaison avec d\u2019autres anciennes colonies de la France, en raison de la tr\u00e8s importante population d\u2019origine fran\u00e7aise qui avait v\u00e9cu dans le pays. Le code de la nationalit\u00e9 de 1963 a donn\u00e9 \u00e0 toute personne d\u2019origine fran\u00e7aise r\u00e9sidant en Alg\u00e9rie le droit \u00e0 la naturalisation, \u00e0 condition de renoncer \u00e0 la nationalit\u00e9 fran\u00e7aise ; toutefois, la grande majorit\u00e9 a choisi de partir. En ce qui concerne ceux qui sont n\u00e9s apr\u00e8s l\u2019ind\u00e9pendance, le code pr\u00e9voyait une double disposition de jus soli limit\u00e9 ; mais avec une pr\u00e9somption en faveur de ceux qui \u00e9taient de religion musulmane.<\/p>\n<p>Aujourd\u2019hui, la nationalit\u00e9 en Alg\u00e9rie est r\u00e9gie par le <a href=\"http:\/\/citizenshiprightsafrica.org\/ordonnance-no-70-86-du-15-decembre-1970-code-de-la-nationalite\/?lang=fr\" target=\"_blank\" rel=\"noopener\">Code de la Nationalit\u00e9 de 1970<\/a>, tel que modifi\u00e9 le plus r\u00e9cemment en <a href=\"http:\/\/citizenshiprightsafrica.org\/ordonnance-27-fevrier-2005-code-de-la-nationalite-algerienne\/?lang=fr\" target=\"_blank\" rel=\"noopener\">2005 <\/a>pour \u00e9liminer la discrimination fond\u00e9e sur le sexe.<\/p>\n<p>Le <a href=\"http:\/\/citizenshiprightsafrica.org\/crc-concluding-observations-algeria-2012\/?lang=fr\" target=\"_blank\" rel=\"noopener\">Comit\u00e9 des droits de l&rsquo;enfant des Nations Unies<\/a> s&rsquo;est dit pr\u00e9occup\u00e9 par le fait que, malgr\u00e9 la suppression de la discrimination fond\u00e9e sur le sexe dans la loi, les enfants de p\u00e8res \u00e9trangers \u00e9taient parfois tenus d&rsquo;obtenir l&rsquo;autorisation d&rsquo;un juge aux affaires familiales pour transmettre leur nationalit\u00e9 aux enfants. Le Comit\u00e9 a regrett\u00e9 que les syst\u00e8mes d&rsquo;enregistrement des naissances en Alg\u00e9rie ne soient pas \u00e9galement accessibles \u00e0 tous les parents, et en particulier qu&rsquo;il existe des lacunes dans le syst\u00e8me d&rsquo;enregistrement des naissances pour les enfants n\u00e9s hors mariage, et les enfants r\u00e9fugi\u00e9s et apatrides.<\/p>\n","protected":false},"excerpt":{"rendered":"La question de savoir qui est devenu alg\u00e9rien \u00e0 l\u2019ind\u00e9pendance a \u00e9t\u00e9 particuli\u00e8rement controvers\u00e9e, en comparaison avec d\u2019autres anciennes colonies de la France, en raison de la tr\u00e8s importante population d\u2019origine fran\u00e7aise qui avait v\u00e9cu dans le pays. Le code de la nationalit\u00e9 de 1963 a donn\u00e9 \u00e0 toute personne d\u2019origine fran\u00e7aise r\u00e9sidant en Alg\u00e9rie [&hellip;]","protected":false},"author":1,"featured_media":3711,"parent":8352,"menu_order":0,"comment_status":"closed","ping_status":"closed","template":"","meta":{"_acf_changed":false,"_monsterinsights_skip_tracking":false,"_monsterinsights_sitenote_active":false,"_monsterinsights_sitenote_note":"","_monsterinsights_sitenote_category":0,"footnotes":""},"class_list":["post-8401","page","type-page","status-publish","has-post-thumbnail","hentry"],"acf":[],"_links":{"self":[{"href":"https:\/\/citizenshiprightsafrica.org\/fr\/wp-json\/wp\/v2\/pages\/8401","targetHints":{"allow":["GET"]}}],"collection":[{"href":"https:\/\/citizenshiprightsafrica.org\/fr\/wp-json\/wp\/v2\/pages"}],"about":[{"href":"https:\/\/citizenshiprightsafrica.org\/fr\/wp-json\/wp\/v2\/types\/page"}],"author":[{"embeddable":true,"href":"https:\/\/citizenshiprightsafrica.org\/fr\/wp-json\/wp\/v2\/users\/1"}],"replies":[{"embeddable":true,"href":"https:\/\/citizenshiprightsafrica.org\/fr\/wp-json\/wp\/v2\/comments?post=8401"}],"version-history":[{"count":6,"href":"https:\/\/citizenshiprightsafrica.org\/fr\/wp-json\/wp\/v2\/pages\/8401\/revisions"}],"predecessor-version":[{"id":35446,"href":"https:\/\/citizenshiprightsafrica.org\/fr\/wp-json\/wp\/v2\/pages\/8401\/revisions\/35446"}],"up":[{"embeddable":true,"href":"https:\/\/citizenshiprightsafrica.org\/fr\/wp-json\/wp\/v2\/pages\/8352"}],"wp:featuredmedia":[{"embeddable":true,"href":"https:\/\/citizenshiprightsafrica.org\/fr\/wp-json\/wp\/v2\/media\/3711"}],"wp:attachment":[{"href":"https:\/\/citizenshiprightsafrica.org\/fr\/wp-json\/wp\/v2\/media?parent=8401"}],"curies":[{"name":"wp","href":"https:\/\/api.w.org\/{rel}","templated":true}]}}