{"id":8403,"date":"2016-06-20T12:27:31","date_gmt":"2016-06-20T12:27:31","guid":{"rendered":"http:\/\/citizenshiprightsafrica.org\/central-africa\/equatorial-guinea\/?lang=fr"},"modified":"2017-02-05T09:05:09","modified_gmt":"2017-02-05T09:05:09","slug":"equatorial-guinea","status":"publish","type":"page","link":"https:\/\/citizenshiprightsafrica.org\/fr\/afrique-centrale\/equatorial-guinea\/","title":{"rendered":"Guin\u00e9e \u00e9quatoriale"},"content":{"rendered":"<p>En Guin\u00e9e \u00e9quatoriale, la nationalit\u00e9 est r\u00e9gie par la <a href=\"http:\/\/citizenshiprightsafrica.org\/ley-num-32011-de-fecha-14-de-julio-regulatora-de-la-nacionalidad-ecuatoguineana\/?lang=fr\" target=\"_blank\">Ley No.3\/2011 reguladora de la Nacionalidad Ecuatoguineana<\/a>. Ce code de la nationalit\u00e9 a supprim\u00e9 la discrimination fond\u00e9e sur le sexe du code de 1990, et a simplifi\u00e9 les dispositions concernant l&rsquo;acquisition de la nacionalit\u00e9. Pourtant, la p\u00e9riode de r\u00e9sidence requise pour la naturalisation a augment\u00e9 de 10 a 40 ans. La double nationalit\u00e9 reste toujours interdite, sauf s&rsquo;il y a une trait\u00e9 de double nationalit\u00e9.<\/p>\n<p>La <a href=\"http:\/\/citizenshiprightsafrica.org\/crc-concluding-observations-on-equatorial-guinea\/?lang=fr\" target=\"_blank\">Comit\u00e9 des Nations Unies sur les droits de l&rsquo;enfant<\/a> a exprim\u00e9 sa d\u00e9ception concernant le tr\u00e8s faible taux d\u2019enregistrement des naissances, ainsi que l\u2019absence de syst\u00e8me d\u2019enregistrement fonctionnel et le manque de sensibilisation du public \u00e0 l\u2019importance de l\u2019enregistrement.<\/p>\n","protected":false},"excerpt":{"rendered":"En Guin\u00e9e \u00e9quatoriale, la nationalit\u00e9 est r\u00e9gie par la Ley No.3\/2011 reguladora de la Nacionalidad Ecuatoguineana. Ce code de la nationalit\u00e9 a supprim\u00e9 la discrimination fond\u00e9e sur le sexe du code de 1990, et a simplifi\u00e9 les dispositions concernant l&rsquo;acquisition de la nacionalit\u00e9. Pourtant, la p\u00e9riode de r\u00e9sidence requise pour la naturalisation a augment\u00e9 de [&hellip;]","protected":false},"author":1,"featured_media":24174,"parent":8351,"menu_order":0,"comment_status":"closed","ping_status":"closed","template":"","meta":{"_acf_changed":false,"_monsterinsights_skip_tracking":false,"_monsterinsights_sitenote_active":false,"_monsterinsights_sitenote_note":"","_monsterinsights_sitenote_category":0,"footnotes":""},"class_list":["post-8403","page","type-page","status-publish","has-post-thumbnail","hentry"],"acf":[],"_links":{"self":[{"href":"https:\/\/citizenshiprightsafrica.org\/fr\/wp-json\/wp\/v2\/pages\/8403","targetHints":{"allow":["GET"]}}],"collection":[{"href":"https:\/\/citizenshiprightsafrica.org\/fr\/wp-json\/wp\/v2\/pages"}],"about":[{"href":"https:\/\/citizenshiprightsafrica.org\/fr\/wp-json\/wp\/v2\/types\/page"}],"author":[{"embeddable":true,"href":"https:\/\/citizenshiprightsafrica.org\/fr\/wp-json\/wp\/v2\/users\/1"}],"replies":[{"embeddable":true,"href":"https:\/\/citizenshiprightsafrica.org\/fr\/wp-json\/wp\/v2\/comments?post=8403"}],"version-history":[{"count":5,"href":"https:\/\/citizenshiprightsafrica.org\/fr\/wp-json\/wp\/v2\/pages\/8403\/revisions"}],"predecessor-version":[{"id":10841,"href":"https:\/\/citizenshiprightsafrica.org\/fr\/wp-json\/wp\/v2\/pages\/8403\/revisions\/10841"}],"up":[{"embeddable":true,"href":"https:\/\/citizenshiprightsafrica.org\/fr\/wp-json\/wp\/v2\/pages\/8351"}],"wp:featuredmedia":[{"embeddable":true,"href":"https:\/\/citizenshiprightsafrica.org\/fr\/wp-json\/wp\/v2\/media\/24174"}],"wp:attachment":[{"href":"https:\/\/citizenshiprightsafrica.org\/fr\/wp-json\/wp\/v2\/media?parent=8403"}],"curies":[{"name":"wp","href":"https:\/\/api.w.org\/{rel}","templated":true}]}}