{"id":8404,"date":"2016-06-20T12:27:31","date_gmt":"2016-06-20T12:27:31","guid":{"rendered":"http:\/\/citizenshiprightsafrica.org\/central-africa\/gabon\/?lang=fr"},"modified":"2017-02-05T08:54:56","modified_gmt":"2017-02-05T08:54:56","slug":"gabon","status":"publish","type":"page","link":"https:\/\/citizenshiprightsafrica.org\/fr\/afrique-centrale\/gabon\/","title":{"rendered":"Gabon"},"content":{"rendered":"<p>Au Gabon, la nationalit\u00e9 est r\u00e9gie par le <a href=\"http:\/\/citizenshiprightsafrica.org\/loi-n37-1998-portant-code-de-la-nationalite-gabonaise\/?lang=fr\" target=\"_blank\">Code de la Nationalit\u00e9 de 1998<\/a>, qui pr\u00e9voit l\u2019\u00e9galit\u00e9 des droits pour les hommes et les femmes en mati\u00e8re de transmission de la nationalit\u00e9 \u00e0 leurs enfants, et donne \u00e0 tout enfant n\u00e9 au Gabon ou dans les r\u00e9gions frontali\u00e8res le droit d\u2019acqu\u00e9rir la nationalit\u00e9 sur demande \u00e0 sa majorit\u00e9. Les hommes et les femmes ont \u00e9galement des droits \u00e9gaux en ce qui concerne la nationalit\u00e9 de leurs conjoints.<\/p>\n<p>La <a href=\"http:\/\/citizenshiprightsafrica.org\/crc-concluding-observations-gabon-2002\/?lang=fr\" target=\"_blank\">Comit\u00e9 des Nations Unies des droits de l\u2019enfant<\/a> a conseill\u00e9 au Gabon de prendre des mesures pour augmenter le taux d\u2019enregistrement des naissances des enfants.<\/p>\n<p>&nbsp;<\/p>\n","protected":false},"excerpt":{"rendered":"Au Gabon, la nationalit\u00e9 est r\u00e9gie par le Code de la Nationalit\u00e9 de 1998, qui pr\u00e9voit l\u2019\u00e9galit\u00e9 des droits pour les hommes et les femmes en mati\u00e8re de transmission de la nationalit\u00e9 \u00e0 leurs enfants, et donne \u00e0 tout enfant n\u00e9 au Gabon ou dans les r\u00e9gions frontali\u00e8res le droit d\u2019acqu\u00e9rir la nationalit\u00e9 sur demande [&hellip;]","protected":false},"author":1,"featured_media":3655,"parent":8351,"menu_order":0,"comment_status":"closed","ping_status":"closed","template":"","meta":{"_acf_changed":false,"_monsterinsights_skip_tracking":false,"_monsterinsights_sitenote_active":false,"_monsterinsights_sitenote_note":"","_monsterinsights_sitenote_category":0,"footnotes":""},"class_list":["post-8404","page","type-page","status-publish","has-post-thumbnail","hentry"],"acf":[],"_links":{"self":[{"href":"https:\/\/citizenshiprightsafrica.org\/fr\/wp-json\/wp\/v2\/pages\/8404","targetHints":{"allow":["GET"]}}],"collection":[{"href":"https:\/\/citizenshiprightsafrica.org\/fr\/wp-json\/wp\/v2\/pages"}],"about":[{"href":"https:\/\/citizenshiprightsafrica.org\/fr\/wp-json\/wp\/v2\/types\/page"}],"author":[{"embeddable":true,"href":"https:\/\/citizenshiprightsafrica.org\/fr\/wp-json\/wp\/v2\/users\/1"}],"replies":[{"embeddable":true,"href":"https:\/\/citizenshiprightsafrica.org\/fr\/wp-json\/wp\/v2\/comments?post=8404"}],"version-history":[{"count":4,"href":"https:\/\/citizenshiprightsafrica.org\/fr\/wp-json\/wp\/v2\/pages\/8404\/revisions"}],"predecessor-version":[{"id":11746,"href":"https:\/\/citizenshiprightsafrica.org\/fr\/wp-json\/wp\/v2\/pages\/8404\/revisions\/11746"}],"up":[{"embeddable":true,"href":"https:\/\/citizenshiprightsafrica.org\/fr\/wp-json\/wp\/v2\/pages\/8351"}],"wp:featuredmedia":[{"embeddable":true,"href":"https:\/\/citizenshiprightsafrica.org\/fr\/wp-json\/wp\/v2\/media\/3655"}],"wp:attachment":[{"href":"https:\/\/citizenshiprightsafrica.org\/fr\/wp-json\/wp\/v2\/media?parent=8404"}],"curies":[{"name":"wp","href":"https:\/\/api.w.org\/{rel}","templated":true}]}}