{"id":8405,"date":"2016-06-20T12:27:30","date_gmt":"2016-06-20T12:27:30","guid":{"rendered":"http:\/\/citizenshiprightsafrica.org\/east-africa\/comoros\/?lang=fr"},"modified":"2017-02-05T17:31:04","modified_gmt":"2017-02-05T17:31:04","slug":"comores","status":"publish","type":"page","link":"https:\/\/citizenshiprightsafrica.org\/fr\/afrique-de-l-est\/comores\/","title":{"rendered":"Comores"},"content":{"rendered":"<p>Aux Comores, la nationalit\u00e9 est r\u00e9gie par le <a href=\"http:\/\/citizenshiprightsafrica.org\/comoros-loi-no-79-12-du-12-decembre-1979-portant-code-de-la-nationalite\/?lang=fr\" target=\"_blank\">Code de la Nationalit\u00e9 de 1979<\/a>, modifi\u00e9 par les articles pertinents de la <a href=\"http:\/\/citizenshiprightsafrica.org\/constitution-de-lunion-des-comores-adoptee-par-referendum-2001\/?lang=fr\" target=\"_blank\">Constitution de 2001<\/a>, qui pr\u00e9voit que tout Comorien d\u2019origine ne peut \u00eatre priv\u00e9 de sa nationalit\u00e9. Une <a href=\"http:\/\/citizenshiprightsafrica.org\/loi-relative-a-la-citoyennete-economique-en-union-des-comores\/?lang=fr\" target=\"_blank\">loi adopt\u00e9e en 2008<\/a> pr\u00e9voit une nouvelle classe de \u00abcitoyen \u00e9conomique\u00bb, destin\u00e9e \u00e0 ceux qui font des investissements importants aux Comores.<\/p>\n<p>La <a href=\"http:\/\/citizenshiprightsafrica.org\/crc-concluding-observations-comoros-2000\/?lang=fr\" target=\"_blank\">Comit\u00e9 des Nations Unies des droits de l\u2019enfant<\/a> a fait part de pr\u00e9occupations en raison des lacunes de l\u2019enregistrement des naissances aux Comores, qui emp\u00eachent la collecte d\u2019informations pr\u00e9cises sur les enfants et entravent par cons\u00e9quent l\u2019application des garanties accord\u00e9es aux enfants.<\/p>\n","protected":false},"excerpt":{"rendered":"Aux Comores, la nationalit\u00e9 est r\u00e9gie par le Code de la Nationalit\u00e9 de 1979, modifi\u00e9 par les articles pertinents de la Constitution de 2001, qui pr\u00e9voit que tout Comorien d\u2019origine ne peut \u00eatre priv\u00e9 de sa nationalit\u00e9. Une loi adopt\u00e9e en 2008 pr\u00e9voit une nouvelle classe de \u00abcitoyen \u00e9conomique\u00bb, destin\u00e9e \u00e0 ceux qui font des [&hellip;]","protected":false},"author":1,"featured_media":3667,"parent":8349,"menu_order":0,"comment_status":"closed","ping_status":"closed","template":"","meta":{"_acf_changed":false,"_monsterinsights_skip_tracking":false,"_monsterinsights_sitenote_active":false,"_monsterinsights_sitenote_note":"","_monsterinsights_sitenote_category":0,"footnotes":""},"class_list":["post-8405","page","type-page","status-publish","has-post-thumbnail","hentry"],"acf":[],"_links":{"self":[{"href":"https:\/\/citizenshiprightsafrica.org\/fr\/wp-json\/wp\/v2\/pages\/8405","targetHints":{"allow":["GET"]}}],"collection":[{"href":"https:\/\/citizenshiprightsafrica.org\/fr\/wp-json\/wp\/v2\/pages"}],"about":[{"href":"https:\/\/citizenshiprightsafrica.org\/fr\/wp-json\/wp\/v2\/types\/page"}],"author":[{"embeddable":true,"href":"https:\/\/citizenshiprightsafrica.org\/fr\/wp-json\/wp\/v2\/users\/1"}],"replies":[{"embeddable":true,"href":"https:\/\/citizenshiprightsafrica.org\/fr\/wp-json\/wp\/v2\/comments?post=8405"}],"version-history":[{"count":4,"href":"https:\/\/citizenshiprightsafrica.org\/fr\/wp-json\/wp\/v2\/pages\/8405\/revisions"}],"predecessor-version":[{"id":11779,"href":"https:\/\/citizenshiprightsafrica.org\/fr\/wp-json\/wp\/v2\/pages\/8405\/revisions\/11779"}],"up":[{"embeddable":true,"href":"https:\/\/citizenshiprightsafrica.org\/fr\/wp-json\/wp\/v2\/pages\/8349"}],"wp:featuredmedia":[{"embeddable":true,"href":"https:\/\/citizenshiprightsafrica.org\/fr\/wp-json\/wp\/v2\/media\/3667"}],"wp:attachment":[{"href":"https:\/\/citizenshiprightsafrica.org\/fr\/wp-json\/wp\/v2\/media?parent=8405"}],"curies":[{"name":"wp","href":"https:\/\/api.w.org\/{rel}","templated":true}]}}