{"id":8407,"date":"2016-06-20T12:27:30","date_gmt":"2016-06-20T12:27:30","guid":{"rendered":"http:\/\/citizenshiprightsafrica.org\/east-africa\/eritrea\/?lang=fr"},"modified":"2017-02-05T18:36:57","modified_gmt":"2017-02-05T18:36:57","slug":"erythree","status":"publish","type":"page","link":"https:\/\/citizenshiprightsafrica.org\/fr\/afrique-de-l-est\/erythree\/","title":{"rendered":"\u00c9rythr\u00e9e"},"content":{"rendered":"<p>En Erythr\u00e9e, la nationalit\u00e9 est r\u00e9gie par la <a href=\"http:\/\/citizenshiprightsafrica.org\/eritrea-constitution-1997\/?lang=fr\" target=\"_blank\">Constitution de 1997<\/a>, qui pr\u00e9voit que toute personne n\u00e9e d\u2019un p\u00e8re ou une m\u00e8re \u00e9rythr\u00e9enne a la nationalit\u00e9 \u00e9rythr\u00e9enne. Toutefois, la l\u00e9gislation en vigueur est toujours la <a href=\"http:\/\/citizenshiprightsafrica.org\/eritrea-nationality-proclamation-no-211992\/?lang=fr\" target=\"_blank\">Proclamation sur la nationalit\u00e9 \u00e9rythr\u00e9enne de 1992<\/a>, adopt\u00e9e en pr\u00e9vision de l\u2019ind\u00e9pendance de l\u2019Erythr\u00e9e par rapport \u00e0 l\u2019Ethiopie en 1993.<\/p>\n<p>La question de la s\u00e9cession des Etats par rapport \u00e0 la nationalit\u00e9 est toujours complexe et dans le cas de l\u2019Ethiopie et de l\u2019Erythr\u00e9e, la guerre entre ces deux pays en 1998-2000 a encore aggrav\u00e9 la situation. Pendant la guerre, l\u2019Erythr\u00e9e a re\u00e7u un grand nombre de personnes d\u2019origine ethnique \u00e9rythr\u00e9enne venus d\u2019Ethiopie, qui ont \u00e9t\u00e9 enregistr\u00e9es en tant que r\u00e9fugi\u00e9s. Bien que certaines de ces personnes se soient d\u00e9sormais int\u00e9gr\u00e9es dans la soci\u00e9t\u00e9 \u00e9rythr\u00e9enne, d\u2019autres continuent \u00e0 vivre en tant que r\u00e9fugi\u00e9s. Quant aux Ethiopiens r\u00e9sidant en Erythr\u00e9e au moment de la guerre, ils ont \u00e9galement \u00e9t\u00e9 confront\u00e9s \u00e0 des difficult\u00e9s. Certains se sont vu refuser la permission de quitter le pays, par le biais d\u2019un refus de visa de sortie, et d\u2019autres ont \u00e9t\u00e9 victimes de harc\u00e8lement par les populations. Le CICR et l\u2019ONU estiment \u00e0 71.000 le nombre d\u2019Ethiopiens qui ont \u00e9t\u00e9 soit expuls\u00e9s soit rapatri\u00e9s pendant la guerre (pour plus d\u2019informations, voir Bronwen Manby, <a href=\"https:\/\/www.opensocietyfoundations.org\/publications\/struggles-citizenship-africa\" target=\"_blank\"><em>La nationalit\u00e9 en Afrique<\/em><\/a>, chap.4, et le rapport de Human Rights Watch <a href=\"http:\/\/citizenshiprightsafrica.org\/the-horn-of-africa-war-mass-expulsions-and-the-nationality-issue\/?lang=fr\" target=\"_blank\"><em>The Horn of Africa War\u00a0: Mass Expulsions and the Nationality Issue<\/em><\/a>).<\/p>\n<p>En 2008, la <a href=\"http:\/\/citizenshiprightsafrica.org\/concluding-observations-of-the-crc-on-eritrea\/?lang=fr\" target=\"_blank\">Comit\u00e9 des Nations Unies sur les droits de l&rsquo;enfant<\/a> a exprim\u00e9 sa pr\u00e9occupation au sujet du faible taux hd&rsquo;enregistrement des naissances en Erythr\u00e9e, en particulier l&rsquo;absence d&rsquo;enregistrement \u00e0 la naissance ou \u00e0 tout moment plus tard, parmi les groupes minoritaires dans le pays.<\/p>\n","protected":false},"excerpt":{"rendered":"En Erythr\u00e9e, la nationalit\u00e9 est r\u00e9gie par la Constitution de 1997, qui pr\u00e9voit que toute personne n\u00e9e d\u2019un p\u00e8re ou une m\u00e8re \u00e9rythr\u00e9enne a la nationalit\u00e9 \u00e9rythr\u00e9enne. Toutefois, la l\u00e9gislation en vigueur est toujours la Proclamation sur la nationalit\u00e9 \u00e9rythr\u00e9enne de 1992, adopt\u00e9e en pr\u00e9vision de l\u2019ind\u00e9pendance de l\u2019Erythr\u00e9e par rapport \u00e0 l\u2019Ethiopie en 1993. [&hellip;]","protected":false},"author":1,"featured_media":3675,"parent":8349,"menu_order":0,"comment_status":"closed","ping_status":"closed","template":"","meta":{"_acf_changed":false,"_monsterinsights_skip_tracking":false,"_monsterinsights_sitenote_active":false,"_monsterinsights_sitenote_note":"","_monsterinsights_sitenote_category":0,"footnotes":""},"class_list":["post-8407","page","type-page","status-publish","has-post-thumbnail","hentry"],"acf":[],"_links":{"self":[{"href":"https:\/\/citizenshiprightsafrica.org\/fr\/wp-json\/wp\/v2\/pages\/8407","targetHints":{"allow":["GET"]}}],"collection":[{"href":"https:\/\/citizenshiprightsafrica.org\/fr\/wp-json\/wp\/v2\/pages"}],"about":[{"href":"https:\/\/citizenshiprightsafrica.org\/fr\/wp-json\/wp\/v2\/types\/page"}],"author":[{"embeddable":true,"href":"https:\/\/citizenshiprightsafrica.org\/fr\/wp-json\/wp\/v2\/users\/1"}],"replies":[{"embeddable":true,"href":"https:\/\/citizenshiprightsafrica.org\/fr\/wp-json\/wp\/v2\/comments?post=8407"}],"version-history":[{"count":4,"href":"https:\/\/citizenshiprightsafrica.org\/fr\/wp-json\/wp\/v2\/pages\/8407\/revisions"}],"predecessor-version":[{"id":11793,"href":"https:\/\/citizenshiprightsafrica.org\/fr\/wp-json\/wp\/v2\/pages\/8407\/revisions\/11793"}],"up":[{"embeddable":true,"href":"https:\/\/citizenshiprightsafrica.org\/fr\/wp-json\/wp\/v2\/pages\/8349"}],"wp:featuredmedia":[{"embeddable":true,"href":"https:\/\/citizenshiprightsafrica.org\/fr\/wp-json\/wp\/v2\/media\/3675"}],"wp:attachment":[{"href":"https:\/\/citizenshiprightsafrica.org\/fr\/wp-json\/wp\/v2\/media?parent=8407"}],"curies":[{"name":"wp","href":"https:\/\/api.w.org\/{rel}","templated":true}]}}