{"id":8408,"date":"2016-06-20T12:27:30","date_gmt":"2016-06-20T12:27:30","guid":{"rendered":"http:\/\/citizenshiprightsafrica.org\/east-africa\/ethiopia\/?lang=fr"},"modified":"2017-02-05T18:46:43","modified_gmt":"2017-02-05T18:46:43","slug":"ethiopia","status":"publish","type":"page","link":"https:\/\/citizenshiprightsafrica.org\/fr\/afrique-de-l-est\/ethiopia\/","title":{"rendered":"Ethiopie"},"content":{"rendered":"<p>En Ethiopie, la nationalit\u00e9 est r\u00e9gie par <a href=\"http:\/\/citizenshiprightsafrica.org\/proclamation-no-3782003-on-ethiopian-nationality\/?lang=fr\" target=\"_blank\">Proclamation sur la nationalit\u00e9 \u00e9thiopienne de 2003<\/a>. Celle-ci compl\u00e8te les dispositions sur la nationalit\u00e9 contenues dans la <a href=\"http:\/\/citizenshiprightsafrica.org\/constitution-of-the-federal-democratic-republic-of-ethiopia-proclamation-no-11995\/?lang=fr\" target=\"_blank\">Constitution de 1995<\/a> et remplace le <a href=\"http:\/\/citizenshiprightsafrica.org\/ethiopia-nationality-law-1930\/?lang=fr\" target=\"_blank\">code de la nationalit\u00e9 de 1930 <\/a>(la plus ancienne l\u00e9gislation du continent sur \u200b\u200bla nationalit\u00e9). Le code de 2003 a rendu la naturalisation plus facile et supprim\u00e9 la discrimination sexuelle.<\/p>\n<p>Lorsque l\u2019\u00c9rythr\u00e9e a fait s\u00e9cession d\u2019avec l\u2019Ethiopie en 1993, le processus a soulev\u00e9 des questions au sujet de la nationalit\u00e9 en cas de s\u00e9cession des Etats. Quand la guerre a \u00e9clat\u00e9 entre l\u2019\u00c9thiopie et l\u2019\u00c9rythr\u00e9e en 1998, la question est devenue plus sensible. L\u2019Ethiopie a commenc\u00e9 \u00e0 expulser des personnes d\u2019origine \u00e9rythr\u00e9enne, affectant au final quelque 75.000 personnes. D\u2019autres se sont vu retirer la nationalit\u00e9 en juillet 1999, quand le gouvernement a annonc\u00e9 que tous ceux qui s\u2019\u00e9taient inscrits pour voter lors du r\u00e9f\u00e9rendum sur l\u2019ind\u00e9pendance de l\u2019Erythr\u00e9e avaient ce faisant opt\u00e9 pour la nationalit\u00e9 \u00e9rythr\u00e9enne. Bien que le code de 2003 ait permis \u00e0 certains Erythr\u00e9ens de retrouver leur nationalit\u00e9, ils faisaient encore \u00e9tat de difficult\u00e9s \u00e0 acc\u00e9der aux documents d\u2019identit\u00e9 et de harc\u00e8lement (pour plus d\u2019informations, voir Bronwen Manby, <a href=\"https:\/\/www.opensocietyfoundations.org\/publications\/struggles-citizenship-africa\" target=\"_blank\"><em>La nationalit\u00e9 en Afrique<\/em><\/a>, chap.4, et le rapport de Human Rights Watch <a href=\"http:\/\/citizenshiprightsafrica.org\/the-horn-of-africa-war-mass-expulsions-and-the-nationality-issue\/?lang=fr\" target=\"_blank\"><em>The Horn of Africa War\u00a0: Mass Expulsions and the Nationality Issue<\/em><\/a>). Ces questions ont \u00e9t\u00e9 port\u00e9es devant une <a href=\"http:\/\/citizenshiprightsafrica.org\/eritrea-ethiopia-claims-commission-partial-award-civilian-claims-eritreas-claims-15-16-23-and-27-32\/?lang=fr\" target=\"_blank\">Commission d\u2019arbitrage <\/a>convoqu\u00e9e par la Cour internationale de Justice de La Haye.<\/p>\n<p>En Ethiopie la question de la nationalit\u00e9 vient encore se compliquer davantage avec la question de la nationalit\u00e9 interne et du f\u00e9d\u00e9ralisme. La Constitution de 1994 d\u00e9l\u00e8gue beaucoup de pouvoir aux Etats, r\u00e9partis sur la base de la langue et de l\u2019origine ethnique, ce qui a cr\u00e9\u00e9 des difficult\u00e9s pour ceux qui ne sont pas membres du groupe ethnique dominant dans la r\u00e9gion o\u00f9 ils vivent (Voir <em>La nationalite en Afrique<\/em>, chap.4).<\/p>\n<p>La <a href=\"http:\/\/citizenshiprightsafrica.org\/crc-concluding-observations-ethiopia-2006\/?lang=fr\" target=\"_blank\">Comit\u00e9 des Nations Unies des droits de l\u2019enfant<\/a> a fait part de ses regrets en 2006 devant \u00a0l\u2019absence d\u2019infrastructures en Ethiopie pour veiller \u00e0 ce que les naissances soient d\u00fbment enregistr\u00e9es.<\/p>\n","protected":false},"excerpt":{"rendered":"En Ethiopie, la nationalit\u00e9 est r\u00e9gie par Proclamation sur la nationalit\u00e9 \u00e9thiopienne de 2003. Celle-ci compl\u00e8te les dispositions sur la nationalit\u00e9 contenues dans la Constitution de 1995 et remplace le code de la nationalit\u00e9 de 1930 (la plus ancienne l\u00e9gislation du continent sur \u200b\u200bla nationalit\u00e9). Le code de 2003 a rendu la naturalisation plus facile [&hellip;]","protected":false},"author":1,"featured_media":3678,"parent":8349,"menu_order":0,"comment_status":"closed","ping_status":"closed","template":"","meta":{"_acf_changed":false,"_monsterinsights_skip_tracking":false,"_monsterinsights_sitenote_active":false,"_monsterinsights_sitenote_note":"","_monsterinsights_sitenote_category":0,"footnotes":""},"class_list":["post-8408","page","type-page","status-publish","has-post-thumbnail","hentry"],"acf":[],"_links":{"self":[{"href":"https:\/\/citizenshiprightsafrica.org\/fr\/wp-json\/wp\/v2\/pages\/8408","targetHints":{"allow":["GET"]}}],"collection":[{"href":"https:\/\/citizenshiprightsafrica.org\/fr\/wp-json\/wp\/v2\/pages"}],"about":[{"href":"https:\/\/citizenshiprightsafrica.org\/fr\/wp-json\/wp\/v2\/types\/page"}],"author":[{"embeddable":true,"href":"https:\/\/citizenshiprightsafrica.org\/fr\/wp-json\/wp\/v2\/users\/1"}],"replies":[{"embeddable":true,"href":"https:\/\/citizenshiprightsafrica.org\/fr\/wp-json\/wp\/v2\/comments?post=8408"}],"version-history":[{"count":4,"href":"https:\/\/citizenshiprightsafrica.org\/fr\/wp-json\/wp\/v2\/pages\/8408\/revisions"}],"predecessor-version":[{"id":11796,"href":"https:\/\/citizenshiprightsafrica.org\/fr\/wp-json\/wp\/v2\/pages\/8408\/revisions\/11796"}],"up":[{"embeddable":true,"href":"https:\/\/citizenshiprightsafrica.org\/fr\/wp-json\/wp\/v2\/pages\/8349"}],"wp:featuredmedia":[{"embeddable":true,"href":"https:\/\/citizenshiprightsafrica.org\/fr\/wp-json\/wp\/v2\/media\/3678"}],"wp:attachment":[{"href":"https:\/\/citizenshiprightsafrica.org\/fr\/wp-json\/wp\/v2\/media?parent=8408"}],"curies":[{"name":"wp","href":"https:\/\/api.w.org\/{rel}","templated":true}]}}