{"id":8409,"date":"2016-06-20T12:27:30","date_gmt":"2016-06-20T12:27:30","guid":{"rendered":"http:\/\/citizenshiprightsafrica.org\/east-africa\/kenya\/?lang=fr"},"modified":"2017-03-02T12:27:15","modified_gmt":"2017-03-02T12:27:15","slug":"kenya","status":"publish","type":"page","link":"https:\/\/citizenshiprightsafrica.org\/fr\/afrique-de-l-est\/kenya\/","title":{"rendered":"Kenya"},"content":{"rendered":"<p>La nationalit\u00e9 au Kenya est r\u00e9gie par le chapitre III de la <a href=\"http:\/\/citizenshiprightsafrica.org\/kenya-constitution-2010\/?lang=fr\" target=\"_blank\">constitution de 2010<\/a> et le code de la nationalit\u00e9, dit <a href=\"http:\/\/citizenshiprightsafrica.org\/kenya-citizenship-and-immigration-act-2011-as-amended-to-2015\/?lang=fr\" target=\"_blank\"><em>Citizenship and Immigration Act <\/em>de 2011<\/a>. La Constitution a supprim\u00e9 la discrimination de genre dans la l\u00e9gislation kenyane et a autoris\u00e9 pour la premi\u00e8re fois la double nationalit\u00e9 pour les adultes. La nouvelle constitution stipule \u00e9galement que tout enfant a droit \u00e0 la nationalit\u00e9 d\u2019origine et pour la premi\u00e8re fois, indique que les enfants n\u00e9s de parents inconnus seront pr\u00e9sum\u00e9s \u00eatre Kenyans.<\/p>\n<p>Le Citizenship and Immigration Act \u00e9labore plus en d\u00e9tail les r\u00e8gles constitutionnelles et pr\u00e9voit \u00e9galement des proc\u00e9dures sp\u00e9ciales temporaires pour les apatrides et autres personnes r\u00e9sidant au Kenya depuis l\u2019ind\u00e9pendance en 1963, ainsi que leurs descendants, afin qu\u2019ils aient le droit de demander la nationalit\u00e9 dans certaines circonstances, dans un d\u00e9lai de cinq ans \u00e0 compter de l\u2019adoption du code.<\/p>\n<p>Ces proc\u00e9dures temporaires abrogent les dispositions contenues dans la <a href=\"http:\/\/citizenshiprightsafrica.org\/kenya-constitution-1963\/?lang=fr\" target=\"_blank\">constitution du Kenya \u00e0 l\u2019ind\u00e9pendance<\/a>, qui adoptait les dispositions standards des pays du Commonwealth en mati\u00e8re d\u2019acquisition de la nationalit\u00e9\u00a0: toute personne n\u00e9e avant l\u2019entr\u00e9e en vigueur de la constitution devenait automatiquement ressortissant du Kenya si l\u2019un des parents \u00e9tait \u00e9galement n\u00e9 kenyan\u00a0; toute personne n\u00e9e ou r\u00e9sidant au Kenya mais dont aucun des parents n\u2019y \u00e9tait n\u00e9 pouvait s\u2019enregistrer comme ressortissant kenyan pendant une p\u00e9riode de deux ans apr\u00e8s l\u2019ind\u00e9pendance. Toute personne n\u00e9e au Kenya apr\u00e8s l\u2019ind\u00e9pendance avait automatiquement la nationalit\u00e9 bas\u00e9e sur la naissance au Kenya. Toutefois, en 1985, la constitution fut amend\u00e9e pour supprimer les droits bas\u00e9s sur la naissance au Kenya, avec effet r\u00e9troactif jusqu\u2019\u00e0 l\u2019ind\u00e9pendance.<\/p>\n<p>Le <a href=\"http:\/\/citizenshiprightsafrica.org\/kenya-children-act-2001\/?lang=fr\" target=\"_blank\"><em>Children Act<\/em> de 2001<\/a> dispose que tous les enfants ont droit \u00e0 un nom et une nationalit\u00e9, mais pas \u00e0 l\u2019enregistrement des naissances. Le <em>Citizenship and Immigration Control Act<\/em> pr\u00e9voit le droit \u00e0 un acte de naissance, mais uniquement pour les ressortissants kenyans. On estime que seulement 60% des naissances sont enregistr\u00e9es, ce qui cr\u00e9e des difficult\u00e9s suppl\u00e9mentaires pour prouver la nationalit\u00e9.<\/p>\n<p>Un autre probl\u00e8me au Kenya a \u00e9t\u00e9 le traitement discriminatoire auquel sont confront\u00e9s les membres de certains groupes ethniques en ce qui concerne l\u2019acc\u00e8s aux cartes nationales d\u2019identit\u00e9, obligatoires pour tous les adultes, constituant une preuve de la nationalit\u00e9 dans la vie de tous les jours. Les membres des groupes ethniques r\u00e9sidant dans les zones frontali\u00e8res ou autrement consid\u00e9r\u00e9s comme non-Kenyans \u2013 y compris les Nubiens, les Somaliens, les Masa\u00ef, les Swahili, les Teso et les Borana \u2013 sont soumis \u00e0 des v\u00e9rifications\u00a0 suppl\u00e9mentaires. Les membres de ces groupes sont invit\u00e9s \u00e0 produire des documents suppl\u00e9mentaires pour obtenir la d\u00e9livrance d\u2019une carte d\u2019identit\u00e9, y compris parfois des documents comme les actes de naissance des grands-parents, qui sont presque impossibles \u00e0 produire ; ou ils sont confront\u00e9s au harc\u00e8lement et \u00e0 des retards sans fin lorsqu\u2019ils essaient d\u2019obtenir des passeports, cartes d\u2019identit\u00e9 et autres documents (voir \u00abressources cl\u00e9s\u00bb et Manby, <a href=\"https:\/\/www.opensocietyfoundations.org\/publications\/struggles-citizenship-africa\" target=\"_blank\"><em>La nationalit\u00e9 en Afrique<\/em><\/a>, chap.6)<\/p>\n","protected":false},"excerpt":{"rendered":"La nationalit\u00e9 au Kenya est r\u00e9gie par le chapitre III de la constitution de 2010 et le code de la nationalit\u00e9, dit Citizenship and Immigration Act de 2011. La Constitution a supprim\u00e9 la discrimination de genre dans la l\u00e9gislation kenyane et a autoris\u00e9 pour la premi\u00e8re fois la double nationalit\u00e9 pour les adultes. La nouvelle [&hellip;]","protected":false},"author":1,"featured_media":3681,"parent":8349,"menu_order":0,"comment_status":"closed","ping_status":"closed","template":"","meta":{"_acf_changed":false,"_monsterinsights_skip_tracking":false,"_monsterinsights_sitenote_active":false,"_monsterinsights_sitenote_note":"","_monsterinsights_sitenote_category":0,"footnotes":""},"class_list":["post-8409","page","type-page","status-publish","has-post-thumbnail","hentry"],"acf":[],"_links":{"self":[{"href":"https:\/\/citizenshiprightsafrica.org\/fr\/wp-json\/wp\/v2\/pages\/8409","targetHints":{"allow":["GET"]}}],"collection":[{"href":"https:\/\/citizenshiprightsafrica.org\/fr\/wp-json\/wp\/v2\/pages"}],"about":[{"href":"https:\/\/citizenshiprightsafrica.org\/fr\/wp-json\/wp\/v2\/types\/page"}],"author":[{"embeddable":true,"href":"https:\/\/citizenshiprightsafrica.org\/fr\/wp-json\/wp\/v2\/users\/1"}],"replies":[{"embeddable":true,"href":"https:\/\/citizenshiprightsafrica.org\/fr\/wp-json\/wp\/v2\/comments?post=8409"}],"version-history":[{"count":9,"href":"https:\/\/citizenshiprightsafrica.org\/fr\/wp-json\/wp\/v2\/pages\/8409\/revisions"}],"predecessor-version":[{"id":12386,"href":"https:\/\/citizenshiprightsafrica.org\/fr\/wp-json\/wp\/v2\/pages\/8409\/revisions\/12386"}],"up":[{"embeddable":true,"href":"https:\/\/citizenshiprightsafrica.org\/fr\/wp-json\/wp\/v2\/pages\/8349"}],"wp:featuredmedia":[{"embeddable":true,"href":"https:\/\/citizenshiprightsafrica.org\/fr\/wp-json\/wp\/v2\/media\/3681"}],"wp:attachment":[{"href":"https:\/\/citizenshiprightsafrica.org\/fr\/wp-json\/wp\/v2\/media?parent=8409"}],"curies":[{"name":"wp","href":"https:\/\/api.w.org\/{rel}","templated":true}]}}